{"id":100,"date":"2023-05-13T22:21:26","date_gmt":"2023-05-13T22:21:26","guid":{"rendered":"https:\/\/solucionsolar.cl\/solar\/producto\/abrazadera-pvc-20mm-naranja\/"},"modified":"2023-05-13T22:21:26","modified_gmt":"2023-05-13T22:21:26","slug":"abrazadera-pvc-20mm-naranja","status":"publish","type":"product","link":"https:\/\/solucionsolar.cl\/solar\/producto\/abrazadera-pvc-20mm-naranja\/","title":{"rendered":"Abrazadera pvc 20mm naranja"},"content":{"rendered":"<p>Es un tipo de dispositivo de sujeci\u00f3n utilizado para fijar tuber\u00edas de PVC de 20mm en su lugar. Est\u00e1 dise\u00f1ada con una banda de PVC y un clip de bloqueo que se ajusta alrededor de la tuber\u00eda y se fija en su lugar mediante un tornillo o perno.<\/p>\n<p>La abrazadera PVC de 20mm naranja est\u00e1 dise\u00f1ada espec\u00edficamente para tuber\u00edas de PVC de 20mm, lo que la hace adecuada para su uso en aplicaciones de fontaner\u00eda, riego, sistemas de drenaje y otros proyectos similares.<\/p>\n","protected":false},"excerpt":{"rendered":"<p>Es un tipo de dispositivo de sujeci\u00f3n utilizado para fijar tuber\u00edas de PVC de 20mm en su lugar. Est\u00e1 dise\u00f1ada con una banda de PVC y un clip de bloqueo que se ajusta alrededor de la tuber\u00eda y se fija en su lugar mediante un tornillo o perno. La abrazadera PVC de 20mm naranja est\u00e1 dise\u00f1ada espec\u00edficamente para tuber\u00edas de [&hellip;]<\/p>\n","protected":false},"featured_media":99,"comment_status":"open","ping_status":"closed","template":"","meta":{"_joinchat":[]},"product_brand":[],"product_cat":[19,16],"product_tag":[],"class_list":{"0":"post-100","1":"product","2":"type-product","3":"status-publish","4":"has-post-thumbnail","6":"product_cat-abrazaderas","7":"product_cat-electricidad","9":"first","10":"instock","11":"shipping-taxable","12":"purchasable","13":"product-type-simple"},"ams_default_variation_id":0,"ams_product_points_reward":[],"ams_product_discount_percentage":0,"ams_price_to_display":60,"ams_acf":[],"jetpack_sharing_enabled":true,"_links":{"self":[{"href":"https:\/\/solucionsolar.cl\/solar\/wp-json\/wp\/v2\/product\/100","targetHints":{"allow":["GET"]}}],"collection":[{"href":"https:\/\/solucionsolar.cl\/solar\/wp-json\/wp\/v2\/product"}],"about":[{"href":"https:\/\/solucionsolar.cl\/solar\/wp-json\/wp\/v2\/types\/product"}],"replies":[{"embeddable":true,"href":"https:\/\/solucionsolar.cl\/solar\/wp-json\/wp\/v2\/comments?post=100"}],"wp:featuredmedia":[{"embeddable":true,"href":"https:\/\/solucionsolar.cl\/solar\/wp-json\/wp\/v2\/media\/99"}],"wp:attachment":[{"href":"https:\/\/solucionsolar.cl\/solar\/wp-json\/wp\/v2\/media?parent=100"}],"wp:term":[{"taxonomy":"product_brand","embeddable":true,"href":"https:\/\/solucionsolar.cl\/solar\/wp-json\/wp\/v2\/product_brand?post=100"},{"taxonomy":"product_cat","embeddable":true,"href":"https:\/\/solucionsolar.cl\/solar\/wp-json\/wp\/v2\/product_cat?post=100"},{"taxonomy":"product_tag","embeddable":true,"href":"https:\/\/solucionsolar.cl\/solar\/wp-json\/wp\/v2\/product_tag?post=100"}],"curies":[{"name":"wp","href":"https:\/\/api.w.org\/{rel}","templated":true}]}}