{"id":1004,"date":"2023-05-13T22:43:31","date_gmt":"2023-05-13T22:43:31","guid":{"rendered":"https:\/\/solucionsolar.cl\/solar\/producto\/ampolleta-led-12w-e27-6-500k-sec-vkb\/"},"modified":"2023-05-13T22:43:31","modified_gmt":"2023-05-13T22:43:31","slug":"ampolleta-led-12w-e27-6-500k-sec-vkb","status":"publish","type":"product","link":"https:\/\/solucionsolar.cl\/solar\/producto\/ampolleta-led-12w-e27-6-500k-sec-vkb\/","title":{"rendered":"Ampolleta LED 12W E27 6.500K SEC VKB"},"content":{"rendered":"<p>La Ampolleta LED de 12W E27 6.500K SEC de VKB es una l\u00e1mpara de alta eficiencia energ\u00e9tica que proporciona una iluminaci\u00f3n brillante con una temperatura de color fr\u00eda de 6.500K. Con su base E27, se adapta a una amplia variedad de luminarias y es ideal para uso en interiores en hogares, oficinas y otros espacios comerciales.<\/p>\n","protected":false},"excerpt":{"rendered":"<p>La Ampolleta LED de 12W E27 6.500K SEC de VKB es una l\u00e1mpara de alta eficiencia energ\u00e9tica que proporciona una iluminaci\u00f3n brillante con una temperatura de color fr\u00eda de 6.500K. Con su base E27, se adapta a una amplia variedad de luminarias y es ideal para uso en interiores en hogares, oficinas y otros espacios comerciales.<\/p>\n","protected":false},"featured_media":1003,"comment_status":"open","ping_status":"closed","template":"","meta":{"_joinchat":[]},"product_brand":[],"product_cat":[44],"product_tag":[],"class_list":{"0":"post-1004","1":"product","2":"type-product","3":"status-publish","4":"has-post-thumbnail","6":"product_cat-iluminacion","8":"first","9":"instock","10":"shipping-taxable","11":"purchasable","12":"product-type-simple"},"ams_default_variation_id":0,"ams_product_points_reward":[],"ams_product_discount_percentage":0,"ams_price_to_display":1200,"ams_acf":[],"jetpack_sharing_enabled":true,"_links":{"self":[{"href":"https:\/\/solucionsolar.cl\/solar\/wp-json\/wp\/v2\/product\/1004","targetHints":{"allow":["GET"]}}],"collection":[{"href":"https:\/\/solucionsolar.cl\/solar\/wp-json\/wp\/v2\/product"}],"about":[{"href":"https:\/\/solucionsolar.cl\/solar\/wp-json\/wp\/v2\/types\/product"}],"replies":[{"embeddable":true,"href":"https:\/\/solucionsolar.cl\/solar\/wp-json\/wp\/v2\/comments?post=1004"}],"wp:featuredmedia":[{"embeddable":true,"href":"https:\/\/solucionsolar.cl\/solar\/wp-json\/wp\/v2\/media\/1003"}],"wp:attachment":[{"href":"https:\/\/solucionsolar.cl\/solar\/wp-json\/wp\/v2\/media?parent=1004"}],"wp:term":[{"taxonomy":"product_brand","embeddable":true,"href":"https:\/\/solucionsolar.cl\/solar\/wp-json\/wp\/v2\/product_brand?post=1004"},{"taxonomy":"product_cat","embeddable":true,"href":"https:\/\/solucionsolar.cl\/solar\/wp-json\/wp\/v2\/product_cat?post=1004"},{"taxonomy":"product_tag","embeddable":true,"href":"https:\/\/solucionsolar.cl\/solar\/wp-json\/wp\/v2\/product_tag?post=1004"}],"curies":[{"name":"wp","href":"https:\/\/api.w.org\/{rel}","templated":true}]}}