{"id":1006,"date":"2023-05-13T22:43:35","date_gmt":"2023-05-13T22:43:35","guid":{"rendered":"https:\/\/solucionsolar.cl\/solar\/producto\/ampolleta-led-9w-e27-3-000k-sec-vkb\/"},"modified":"2023-05-13T22:43:35","modified_gmt":"2023-05-13T22:43:35","slug":"ampolleta-led-9w-e27-3-000k-sec-vkb","status":"publish","type":"product","link":"https:\/\/solucionsolar.cl\/solar\/producto\/ampolleta-led-9w-e27-3-000k-sec-vkb\/","title":{"rendered":"Ampolleta LED 9W E27 3.000K SEC VKB"},"content":{"rendered":"<p>La ampolleta LED 9W E27 3.000K SEC VKB es una l\u00e1mpara de alta eficiencia energ\u00e9tica que brinda una luz c\u00e1lida y agradable con una temperatura de color de 3.000 Kelvin. Con su base E27, es f\u00e1cil de instalar y compatible con la mayor\u00eda de los portal\u00e1mparas.<\/p>\n","protected":false},"excerpt":{"rendered":"<p>La ampolleta LED 9W E27 3.000K SEC VKB es una l\u00e1mpara de alta eficiencia energ\u00e9tica que brinda una luz c\u00e1lida y agradable con una temperatura de color de 3.000 Kelvin. Con su base E27, es f\u00e1cil de instalar y compatible con la mayor\u00eda de los portal\u00e1mparas.<\/p>\n","protected":false},"featured_media":1005,"comment_status":"open","ping_status":"closed","template":"","meta":{"_joinchat":[]},"product_brand":[],"product_cat":[44],"product_tag":[],"class_list":{"0":"post-1006","1":"product","2":"type-product","3":"status-publish","4":"has-post-thumbnail","6":"product_cat-iluminacion","8":"first","9":"instock","10":"shipping-taxable","11":"purchasable","12":"product-type-simple"},"ams_default_variation_id":0,"ams_product_points_reward":[],"ams_product_discount_percentage":0,"ams_price_to_display":1000,"ams_acf":[],"jetpack_sharing_enabled":true,"_links":{"self":[{"href":"https:\/\/solucionsolar.cl\/solar\/wp-json\/wp\/v2\/product\/1006","targetHints":{"allow":["GET"]}}],"collection":[{"href":"https:\/\/solucionsolar.cl\/solar\/wp-json\/wp\/v2\/product"}],"about":[{"href":"https:\/\/solucionsolar.cl\/solar\/wp-json\/wp\/v2\/types\/product"}],"replies":[{"embeddable":true,"href":"https:\/\/solucionsolar.cl\/solar\/wp-json\/wp\/v2\/comments?post=1006"}],"wp:featuredmedia":[{"embeddable":true,"href":"https:\/\/solucionsolar.cl\/solar\/wp-json\/wp\/v2\/media\/1005"}],"wp:attachment":[{"href":"https:\/\/solucionsolar.cl\/solar\/wp-json\/wp\/v2\/media?parent=1006"}],"wp:term":[{"taxonomy":"product_brand","embeddable":true,"href":"https:\/\/solucionsolar.cl\/solar\/wp-json\/wp\/v2\/product_brand?post=1006"},{"taxonomy":"product_cat","embeddable":true,"href":"https:\/\/solucionsolar.cl\/solar\/wp-json\/wp\/v2\/product_cat?post=1006"},{"taxonomy":"product_tag","embeddable":true,"href":"https:\/\/solucionsolar.cl\/solar\/wp-json\/wp\/v2\/product_tag?post=1006"}],"curies":[{"name":"wp","href":"https:\/\/api.w.org\/{rel}","templated":true}]}}