{"id":1008,"date":"2023-05-13T22:43:37","date_gmt":"2023-05-13T22:43:37","guid":{"rendered":"https:\/\/solucionsolar.cl\/solar\/producto\/ampolleta-led-12w-e27-3-000k-sec-vkb\/"},"modified":"2023-05-13T22:43:37","modified_gmt":"2023-05-13T22:43:37","slug":"ampolleta-led-12w-e27-3-000k-sec-vkb","status":"publish","type":"product","link":"https:\/\/solucionsolar.cl\/solar\/producto\/ampolleta-led-12w-e27-3-000k-sec-vkb\/","title":{"rendered":"Ampolleta LED 12W E27 3.000K SEC VKB"},"content":{"rendered":"<p>La ampolleta LED de 12W E27 3.000K SEC VKB es una opci\u00f3n de iluminaci\u00f3n eficiente y de larga duraci\u00f3n. Con una temperatura de color de 3.000K, produce una luz c\u00e1lida y acogedora, ideal para espacios de estar, dormitorios y comedores. La tecnolog\u00eda LED ofrece una eficiencia energ\u00e9tica superior, lo que significa que esta ampolleta consume menos energ\u00eda y tiene una vida \u00fatil m\u00e1s larga que las ampolletas tradicionales.<\/p>\n","protected":false},"excerpt":{"rendered":"<p>La ampolleta LED de 12W E27 3.000K SEC VKB es una opci\u00f3n de iluminaci\u00f3n eficiente y de larga duraci\u00f3n. Con una temperatura de color de 3.000K, produce una luz c\u00e1lida y acogedora, ideal para espacios de estar, dormitorios y comedores. La tecnolog\u00eda LED ofrece una eficiencia energ\u00e9tica superior, lo que significa que esta ampolleta consume menos energ\u00eda y tiene una [&hellip;]<\/p>\n","protected":false},"featured_media":1007,"comment_status":"open","ping_status":"closed","template":"","meta":{"_joinchat":[]},"product_brand":[],"product_cat":[44],"product_tag":[],"class_list":{"0":"post-1008","1":"product","2":"type-product","3":"status-publish","4":"has-post-thumbnail","6":"product_cat-iluminacion","8":"first","9":"instock","10":"shipping-taxable","11":"purchasable","12":"product-type-simple"},"ams_default_variation_id":0,"ams_product_points_reward":[],"ams_product_discount_percentage":0,"ams_price_to_display":1200,"ams_acf":[],"jetpack_sharing_enabled":true,"_links":{"self":[{"href":"https:\/\/solucionsolar.cl\/solar\/wp-json\/wp\/v2\/product\/1008","targetHints":{"allow":["GET"]}}],"collection":[{"href":"https:\/\/solucionsolar.cl\/solar\/wp-json\/wp\/v2\/product"}],"about":[{"href":"https:\/\/solucionsolar.cl\/solar\/wp-json\/wp\/v2\/types\/product"}],"replies":[{"embeddable":true,"href":"https:\/\/solucionsolar.cl\/solar\/wp-json\/wp\/v2\/comments?post=1008"}],"wp:featuredmedia":[{"embeddable":true,"href":"https:\/\/solucionsolar.cl\/solar\/wp-json\/wp\/v2\/media\/1007"}],"wp:attachment":[{"href":"https:\/\/solucionsolar.cl\/solar\/wp-json\/wp\/v2\/media?parent=1008"}],"wp:term":[{"taxonomy":"product_brand","embeddable":true,"href":"https:\/\/solucionsolar.cl\/solar\/wp-json\/wp\/v2\/product_brand?post=1008"},{"taxonomy":"product_cat","embeddable":true,"href":"https:\/\/solucionsolar.cl\/solar\/wp-json\/wp\/v2\/product_cat?post=1008"},{"taxonomy":"product_tag","embeddable":true,"href":"https:\/\/solucionsolar.cl\/solar\/wp-json\/wp\/v2\/product_tag?post=1008"}],"curies":[{"name":"wp","href":"https:\/\/api.w.org\/{rel}","templated":true}]}}