{"id":1012,"date":"2023-05-13T22:43:39","date_gmt":"2023-05-13T22:43:39","guid":{"rendered":"https:\/\/solucionsolar.cl\/solar\/producto\/foco-led-20w-c-sensor-movimiento-sec-vkb\/"},"modified":"2023-05-13T22:43:39","modified_gmt":"2023-05-13T22:43:39","slug":"foco-led-20w-c-sensor-movimiento-sec-vkb","status":"publish","type":"product","link":"https:\/\/solucionsolar.cl\/solar\/producto\/foco-led-20w-c-sensor-movimiento-sec-vkb\/","title":{"rendered":"Foco LED 20W c\/sensor movimiento SEC VKB"},"content":{"rendered":"<p>El Foco LED 20W c\/sensor movimiento SEC VKB es un dispositivo de iluminaci\u00f3n de alta eficiencia energ\u00e9tica que utiliza tecnolog\u00eda LED. Con una potencia de 20 vatios, este foco proporciona una luz blanca fr\u00eda con una temperatura de color de 6000 Kelvin. Adem\u00e1s, cuenta con un sensor de movimiento que activa la luz cuando detecta presencia. Es adecuado para su uso en interiores y exteriores y tiene una vida \u00fatil de larga duraci\u00f3n. Su dise\u00f1o resistente lo hace ideal para su uso en ambientes de trabajo y espacios de alta demanda, y su eficiencia energ\u00e9tica lo convierte en una opci\u00f3n rentable.<\/p>\n","protected":false},"excerpt":{"rendered":"<p>El Foco LED 20W c\/sensor movimiento SEC VKB es un dispositivo de iluminaci\u00f3n de alta eficiencia energ\u00e9tica que utiliza tecnolog\u00eda LED. Con una potencia de 20 vatios, este foco proporciona una luz blanca fr\u00eda con una temperatura de color de 6000 Kelvin. Adem\u00e1s, cuenta con un sensor de movimiento que activa la luz cuando detecta presencia. Es adecuado para su [&hellip;]<\/p>\n","protected":false},"featured_media":1011,"comment_status":"open","ping_status":"closed","template":"","meta":{"_joinchat":[]},"product_brand":[],"product_cat":[44,45],"product_tag":[],"class_list":{"0":"post-1012","1":"product","2":"type-product","3":"status-publish","4":"has-post-thumbnail","6":"product_cat-iluminacion","7":"product_cat-reflectores","9":"first","10":"instock","11":"shipping-taxable","12":"purchasable","13":"product-type-simple"},"ams_default_variation_id":0,"ams_product_points_reward":[],"ams_product_discount_percentage":0,"ams_price_to_display":11000,"ams_acf":[],"jetpack_sharing_enabled":true,"_links":{"self":[{"href":"https:\/\/solucionsolar.cl\/solar\/wp-json\/wp\/v2\/product\/1012","targetHints":{"allow":["GET"]}}],"collection":[{"href":"https:\/\/solucionsolar.cl\/solar\/wp-json\/wp\/v2\/product"}],"about":[{"href":"https:\/\/solucionsolar.cl\/solar\/wp-json\/wp\/v2\/types\/product"}],"replies":[{"embeddable":true,"href":"https:\/\/solucionsolar.cl\/solar\/wp-json\/wp\/v2\/comments?post=1012"}],"wp:featuredmedia":[{"embeddable":true,"href":"https:\/\/solucionsolar.cl\/solar\/wp-json\/wp\/v2\/media\/1011"}],"wp:attachment":[{"href":"https:\/\/solucionsolar.cl\/solar\/wp-json\/wp\/v2\/media?parent=1012"}],"wp:term":[{"taxonomy":"product_brand","embeddable":true,"href":"https:\/\/solucionsolar.cl\/solar\/wp-json\/wp\/v2\/product_brand?post=1012"},{"taxonomy":"product_cat","embeddable":true,"href":"https:\/\/solucionsolar.cl\/solar\/wp-json\/wp\/v2\/product_cat?post=1012"},{"taxonomy":"product_tag","embeddable":true,"href":"https:\/\/solucionsolar.cl\/solar\/wp-json\/wp\/v2\/product_tag?post=1012"}],"curies":[{"name":"wp","href":"https:\/\/api.w.org\/{rel}","templated":true}]}}