{"id":1018,"date":"2023-05-13T22:43:44","date_gmt":"2023-05-13T22:43:44","guid":{"rendered":"https:\/\/solucionsolar.cl\/solar\/producto\/foco-led-7w-dirigible-6000k-wellmax\/"},"modified":"2023-05-13T22:43:44","modified_gmt":"2023-05-13T22:43:44","slug":"foco-led-7w-dirigible-6000k-wellmax","status":"publish","type":"product","link":"https:\/\/solucionsolar.cl\/solar\/producto\/foco-led-7w-dirigible-6000k-wellmax\/","title":{"rendered":"Foco LED 7W dirigible 6000K WELLMAX"},"content":{"rendered":"<p>El Foco LED dirigible de 7W de WELLMAX es una soluci\u00f3n de iluminaci\u00f3n vers\u00e1til y ajustable. Con una temperatura de color de 6000K, produce una luz blanca y brillante, perfecta para espacios de trabajo, hogares y tiendas.<\/p>\n","protected":false},"excerpt":{"rendered":"<p>El Foco LED dirigible de 7W de WELLMAX es una soluci\u00f3n de iluminaci\u00f3n vers\u00e1til y ajustable. Con una temperatura de color de 6000K, produce una luz blanca y brillante, perfecta para espacios de trabajo, hogares y tiendas.<\/p>\n","protected":false},"featured_media":1017,"comment_status":"open","ping_status":"closed","template":"","meta":{"_joinchat":[]},"product_brand":[],"product_cat":[44],"product_tag":[],"class_list":{"0":"post-1018","1":"product","2":"type-product","3":"status-publish","4":"has-post-thumbnail","6":"product_cat-iluminacion","8":"first","9":"instock","10":"shipping-taxable","11":"purchasable","12":"product-type-simple"},"ams_default_variation_id":0,"ams_product_points_reward":[],"ams_product_discount_percentage":0,"ams_price_to_display":3000,"ams_acf":[],"jetpack_sharing_enabled":true,"_links":{"self":[{"href":"https:\/\/solucionsolar.cl\/solar\/wp-json\/wp\/v2\/product\/1018","targetHints":{"allow":["GET"]}}],"collection":[{"href":"https:\/\/solucionsolar.cl\/solar\/wp-json\/wp\/v2\/product"}],"about":[{"href":"https:\/\/solucionsolar.cl\/solar\/wp-json\/wp\/v2\/types\/product"}],"replies":[{"embeddable":true,"href":"https:\/\/solucionsolar.cl\/solar\/wp-json\/wp\/v2\/comments?post=1018"}],"wp:featuredmedia":[{"embeddable":true,"href":"https:\/\/solucionsolar.cl\/solar\/wp-json\/wp\/v2\/media\/1017"}],"wp:attachment":[{"href":"https:\/\/solucionsolar.cl\/solar\/wp-json\/wp\/v2\/media?parent=1018"}],"wp:term":[{"taxonomy":"product_brand","embeddable":true,"href":"https:\/\/solucionsolar.cl\/solar\/wp-json\/wp\/v2\/product_brand?post=1018"},{"taxonomy":"product_cat","embeddable":true,"href":"https:\/\/solucionsolar.cl\/solar\/wp-json\/wp\/v2\/product_cat?post=1018"},{"taxonomy":"product_tag","embeddable":true,"href":"https:\/\/solucionsolar.cl\/solar\/wp-json\/wp\/v2\/product_tag?post=1018"}],"curies":[{"name":"wp","href":"https:\/\/api.w.org\/{rel}","templated":true}]}}