{"id":102,"date":"2023-05-13T22:21:28","date_gmt":"2023-05-13T22:21:28","guid":{"rendered":"https:\/\/solucionsolar.cl\/solar\/producto\/copla-pvc-16mm-naranja\/"},"modified":"2023-05-13T22:21:28","modified_gmt":"2023-05-13T22:21:28","slug":"copla-pvc-16mm-naranja","status":"publish","type":"product","link":"https:\/\/solucionsolar.cl\/solar\/producto\/copla-pvc-16mm-naranja\/","title":{"rendered":"Copla pvc 16mm naranja"},"content":{"rendered":"<p>Una curva PVC de 16mm naranja es un accesorio de plomer\u00eda utilizado para redirigir el flujo de l\u00edquidos a trav\u00e9s de tuber\u00edas de PVC de 16mm de di\u00e1metro. Es de color naranja y est\u00e1 dise\u00f1ada para una f\u00e1cil instalaci\u00f3n y desmontaje, permitiendo una conexi\u00f3n segura y herm\u00e9tica.<\/p>\n","protected":false},"excerpt":{"rendered":"<p>Una curva PVC de 16mm naranja es un accesorio de plomer\u00eda utilizado para redirigir el flujo de l\u00edquidos a trav\u00e9s de tuber\u00edas de PVC de 16mm de di\u00e1metro. Es de color naranja y est\u00e1 dise\u00f1ada para una f\u00e1cil instalaci\u00f3n y desmontaje, permitiendo una conexi\u00f3n segura y herm\u00e9tica.<\/p>\n","protected":false},"featured_media":101,"comment_status":"open","ping_status":"closed","template":"","meta":{"_joinchat":[]},"product_brand":[],"product_cat":[17],"product_tag":[],"class_list":{"0":"post-102","1":"product","2":"type-product","3":"status-publish","4":"has-post-thumbnail","6":"product_cat-ferreteria","8":"first","9":"instock","10":"shipping-taxable","11":"purchasable","12":"product-type-simple"},"ams_default_variation_id":0,"ams_product_points_reward":[],"ams_product_discount_percentage":0,"ams_price_to_display":40,"ams_acf":[],"jetpack_sharing_enabled":true,"_links":{"self":[{"href":"https:\/\/solucionsolar.cl\/solar\/wp-json\/wp\/v2\/product\/102","targetHints":{"allow":["GET"]}}],"collection":[{"href":"https:\/\/solucionsolar.cl\/solar\/wp-json\/wp\/v2\/product"}],"about":[{"href":"https:\/\/solucionsolar.cl\/solar\/wp-json\/wp\/v2\/types\/product"}],"replies":[{"embeddable":true,"href":"https:\/\/solucionsolar.cl\/solar\/wp-json\/wp\/v2\/comments?post=102"}],"wp:featuredmedia":[{"embeddable":true,"href":"https:\/\/solucionsolar.cl\/solar\/wp-json\/wp\/v2\/media\/101"}],"wp:attachment":[{"href":"https:\/\/solucionsolar.cl\/solar\/wp-json\/wp\/v2\/media?parent=102"}],"wp:term":[{"taxonomy":"product_brand","embeddable":true,"href":"https:\/\/solucionsolar.cl\/solar\/wp-json\/wp\/v2\/product_brand?post=102"},{"taxonomy":"product_cat","embeddable":true,"href":"https:\/\/solucionsolar.cl\/solar\/wp-json\/wp\/v2\/product_cat?post=102"},{"taxonomy":"product_tag","embeddable":true,"href":"https:\/\/solucionsolar.cl\/solar\/wp-json\/wp\/v2\/product_tag?post=102"}],"curies":[{"name":"wp","href":"https:\/\/api.w.org\/{rel}","templated":true}]}}