{"id":1024,"date":"2023-05-13T22:43:51","date_gmt":"2023-05-13T22:43:51","guid":{"rendered":"https:\/\/solucionsolar.cl\/solar\/producto\/linterna-frontal-recargable-3w-9-led-quail\/"},"modified":"2023-05-13T22:43:51","modified_gmt":"2023-05-13T22:43:51","slug":"linterna-frontal-recargable-3w-9-led-quail","status":"publish","type":"product","link":"https:\/\/solucionsolar.cl\/solar\/producto\/linterna-frontal-recargable-3w-9-led-quail\/","title":{"rendered":"Linterna frontal recargable 3W + 9 LED QUAIL"},"content":{"rendered":"<p>La linterna frontal recargable de 3W + 9 LED QUAIL es una herramienta port\u00e1til y pr\u00e1ctica para iluminar en entornos oscuros. Equipada con una luz LED de alta potencia de 3W y 9 luces LED adicionales, proporciona una iluminaci\u00f3n brillante y uniforme para actividades al aire libre, camping, senderismo y trabajos de reparaci\u00f3n. La linterna frontal es recargable, lo que la hace m\u00e1s conveniente y econ\u00f3mica en comparaci\u00f3n con las linternas convencionales que requieren bater\u00edas nuevas.<\/p>\n","protected":false},"excerpt":{"rendered":"<p>La linterna frontal recargable de 3W + 9 LED QUAIL es una herramienta port\u00e1til y pr\u00e1ctica para iluminar en entornos oscuros. Equipada con una luz LED de alta potencia de 3W y 9 luces LED adicionales, proporciona una iluminaci\u00f3n brillante y uniforme para actividades al aire libre, camping, senderismo y trabajos de reparaci\u00f3n. La linterna frontal es recargable, lo que [&hellip;]<\/p>\n","protected":false},"featured_media":1023,"comment_status":"open","ping_status":"closed","template":"","meta":{"_joinchat":[]},"product_brand":[],"product_cat":[44],"product_tag":[],"class_list":{"0":"post-1024","1":"product","2":"type-product","3":"status-publish","4":"has-post-thumbnail","6":"product_cat-iluminacion","8":"first","9":"instock","10":"shipping-taxable","11":"purchasable","12":"product-type-simple"},"ams_default_variation_id":0,"ams_product_points_reward":[],"ams_product_discount_percentage":0,"ams_price_to_display":24500,"ams_acf":[],"jetpack_sharing_enabled":true,"_links":{"self":[{"href":"https:\/\/solucionsolar.cl\/solar\/wp-json\/wp\/v2\/product\/1024","targetHints":{"allow":["GET"]}}],"collection":[{"href":"https:\/\/solucionsolar.cl\/solar\/wp-json\/wp\/v2\/product"}],"about":[{"href":"https:\/\/solucionsolar.cl\/solar\/wp-json\/wp\/v2\/types\/product"}],"replies":[{"embeddable":true,"href":"https:\/\/solucionsolar.cl\/solar\/wp-json\/wp\/v2\/comments?post=1024"}],"wp:featuredmedia":[{"embeddable":true,"href":"https:\/\/solucionsolar.cl\/solar\/wp-json\/wp\/v2\/media\/1023"}],"wp:attachment":[{"href":"https:\/\/solucionsolar.cl\/solar\/wp-json\/wp\/v2\/media?parent=1024"}],"wp:term":[{"taxonomy":"product_brand","embeddable":true,"href":"https:\/\/solucionsolar.cl\/solar\/wp-json\/wp\/v2\/product_brand?post=1024"},{"taxonomy":"product_cat","embeddable":true,"href":"https:\/\/solucionsolar.cl\/solar\/wp-json\/wp\/v2\/product_cat?post=1024"},{"taxonomy":"product_tag","embeddable":true,"href":"https:\/\/solucionsolar.cl\/solar\/wp-json\/wp\/v2\/product_tag?post=1024"}],"curies":[{"name":"wp","href":"https:\/\/api.w.org\/{rel}","templated":true}]}}