{"id":1030,"date":"2023-05-13T22:43:56","date_gmt":"2023-05-13T22:43:56","guid":{"rendered":"https:\/\/solucionsolar.cl\/solar\/producto\/equipo-estanco-led-1x18w-para-tubo-led-vacio-drl-oferta\/"},"modified":"2023-05-13T22:43:56","modified_gmt":"2023-05-13T22:43:56","slug":"equipo-estanco-led-1x18w-para-tubo-led-vacio-drl-oferta","status":"publish","type":"product","link":"https:\/\/solucionsolar.cl\/solar\/producto\/equipo-estanco-led-1x18w-para-tubo-led-vacio-drl-oferta\/","title":{"rendered":"Equipo Estanco LED 1x18W para tubo LED (vac\u00edo) DRL   OFERTA"},"content":{"rendered":"<p>Es una soluci\u00f3n de iluminaci\u00f3n resistente al agua y al polvo ideal para su uso en espacios exteriores y ambientes h\u00famedos. Dise\u00f1ado para alojar un tubo LED, este equipo estanco LED proporciona una iluminaci\u00f3n brillante y uniforme para cualquier \u00e1rea. Su dise\u00f1o estanco lo hace resistente a los elementos clim\u00e1ticos y su construcci\u00f3n robusta lo hace duradero y confiable. Adem\u00e1s, este equipo estanco LED viene sin tubo LED, lo que le brinda la flexibilidad de elegir el tubo LED que mejor se adapte a sus necesidades de iluminaci\u00f3n.<\/p>\n","protected":false},"excerpt":{"rendered":"<p>Es una soluci\u00f3n de iluminaci\u00f3n resistente al agua y al polvo ideal para su uso en espacios exteriores y ambientes h\u00famedos. Dise\u00f1ado para alojar un tubo LED, este equipo estanco LED proporciona una iluminaci\u00f3n brillante y uniforme para cualquier \u00e1rea. Su dise\u00f1o estanco lo hace resistente a los elementos clim\u00e1ticos y su construcci\u00f3n robusta lo hace duradero y confiable. Adem\u00e1s, [&hellip;]<\/p>\n","protected":false},"featured_media":1029,"comment_status":"open","ping_status":"closed","template":"","meta":{"_joinchat":[]},"product_brand":[],"product_cat":[44],"product_tag":[],"class_list":{"0":"post-1030","1":"product","2":"type-product","3":"status-publish","4":"has-post-thumbnail","6":"product_cat-iluminacion","8":"first","9":"instock","10":"shipping-taxable","11":"purchasable","12":"product-type-simple"},"ams_default_variation_id":0,"ams_product_points_reward":[],"ams_product_discount_percentage":0,"ams_price_to_display":4900,"ams_acf":[],"jetpack_sharing_enabled":true,"_links":{"self":[{"href":"https:\/\/solucionsolar.cl\/solar\/wp-json\/wp\/v2\/product\/1030","targetHints":{"allow":["GET"]}}],"collection":[{"href":"https:\/\/solucionsolar.cl\/solar\/wp-json\/wp\/v2\/product"}],"about":[{"href":"https:\/\/solucionsolar.cl\/solar\/wp-json\/wp\/v2\/types\/product"}],"replies":[{"embeddable":true,"href":"https:\/\/solucionsolar.cl\/solar\/wp-json\/wp\/v2\/comments?post=1030"}],"wp:featuredmedia":[{"embeddable":true,"href":"https:\/\/solucionsolar.cl\/solar\/wp-json\/wp\/v2\/media\/1029"}],"wp:attachment":[{"href":"https:\/\/solucionsolar.cl\/solar\/wp-json\/wp\/v2\/media?parent=1030"}],"wp:term":[{"taxonomy":"product_brand","embeddable":true,"href":"https:\/\/solucionsolar.cl\/solar\/wp-json\/wp\/v2\/product_brand?post=1030"},{"taxonomy":"product_cat","embeddable":true,"href":"https:\/\/solucionsolar.cl\/solar\/wp-json\/wp\/v2\/product_cat?post=1030"},{"taxonomy":"product_tag","embeddable":true,"href":"https:\/\/solucionsolar.cl\/solar\/wp-json\/wp\/v2\/product_tag?post=1030"}],"curies":[{"name":"wp","href":"https:\/\/api.w.org\/{rel}","templated":true}]}}