{"id":1038,"date":"2023-05-13T22:44:14","date_gmt":"2023-05-13T22:44:14","guid":{"rendered":"https:\/\/solucionsolar.cl\/solar\/producto\/foco-dirigible-doble-sobrepuesto-satin-para-gu10-drl\/"},"modified":"2023-05-13T22:44:14","modified_gmt":"2023-05-13T22:44:14","slug":"foco-dirigible-doble-sobrepuesto-satin-para-gu10-drl","status":"publish","type":"product","link":"https:\/\/solucionsolar.cl\/solar\/producto\/foco-dirigible-doble-sobrepuesto-satin-para-gu10-drl\/","title":{"rendered":"Foco dirigible doble sobrepuesto Sat\u00edn (para GU10) DRL"},"content":{"rendered":"<p>El Foco Dirigible Doble Sobrepuesto Sat\u00edn (para GU10) DRL es una soluci\u00f3n de iluminaci\u00f3n moderna y elegante para hogares y comercios. Este foco permite una direcci\u00f3n ajustable de la luz para iluminar cualquier rinc\u00f3n de la habitaci\u00f3n de manera efectiva. Su dise\u00f1o sobrepuesto lo hace f\u00e1cil de instalar en cualquier superficie sin la necesidad de hacer grandes modificaciones en la estructura.<\/p>\n","protected":false},"excerpt":{"rendered":"<p>El Foco Dirigible Doble Sobrepuesto Sat\u00edn (para GU10) DRL es una soluci\u00f3n de iluminaci\u00f3n moderna y elegante para hogares y comercios. Este foco permite una direcci\u00f3n ajustable de la luz para iluminar cualquier rinc\u00f3n de la habitaci\u00f3n de manera efectiva. Su dise\u00f1o sobrepuesto lo hace f\u00e1cil de instalar en cualquier superficie sin la necesidad de hacer grandes modificaciones en la [&hellip;]<\/p>\n","protected":false},"featured_media":1037,"comment_status":"open","ping_status":"closed","template":"","meta":{"_joinchat":[]},"product_brand":[],"product_cat":[44],"product_tag":[],"class_list":{"0":"post-1038","1":"product","2":"type-product","3":"status-publish","4":"has-post-thumbnail","6":"product_cat-iluminacion","8":"first","9":"instock","10":"shipping-taxable","11":"purchasable","12":"product-type-simple"},"ams_default_variation_id":0,"ams_product_points_reward":[],"ams_product_discount_percentage":0,"ams_price_to_display":12500,"ams_acf":[],"jetpack_sharing_enabled":true,"_links":{"self":[{"href":"https:\/\/solucionsolar.cl\/solar\/wp-json\/wp\/v2\/product\/1038","targetHints":{"allow":["GET"]}}],"collection":[{"href":"https:\/\/solucionsolar.cl\/solar\/wp-json\/wp\/v2\/product"}],"about":[{"href":"https:\/\/solucionsolar.cl\/solar\/wp-json\/wp\/v2\/types\/product"}],"replies":[{"embeddable":true,"href":"https:\/\/solucionsolar.cl\/solar\/wp-json\/wp\/v2\/comments?post=1038"}],"wp:featuredmedia":[{"embeddable":true,"href":"https:\/\/solucionsolar.cl\/solar\/wp-json\/wp\/v2\/media\/1037"}],"wp:attachment":[{"href":"https:\/\/solucionsolar.cl\/solar\/wp-json\/wp\/v2\/media?parent=1038"}],"wp:term":[{"taxonomy":"product_brand","embeddable":true,"href":"https:\/\/solucionsolar.cl\/solar\/wp-json\/wp\/v2\/product_brand?post=1038"},{"taxonomy":"product_cat","embeddable":true,"href":"https:\/\/solucionsolar.cl\/solar\/wp-json\/wp\/v2\/product_cat?post=1038"},{"taxonomy":"product_tag","embeddable":true,"href":"https:\/\/solucionsolar.cl\/solar\/wp-json\/wp\/v2\/product_tag?post=1038"}],"curies":[{"name":"wp","href":"https:\/\/api.w.org\/{rel}","templated":true}]}}