{"id":1050,"date":"2023-05-13T22:44:29","date_gmt":"2023-05-13T22:44:29","guid":{"rendered":"https:\/\/solucionsolar.cl\/solar\/producto\/foco-dirigible-triple-sobrepuesto-satin-para-gu10-drl\/"},"modified":"2023-05-13T22:44:29","modified_gmt":"2023-05-13T22:44:29","slug":"foco-dirigible-triple-sobrepuesto-satin-para-gu10-drl","status":"publish","type":"product","link":"https:\/\/solucionsolar.cl\/solar\/producto\/foco-dirigible-triple-sobrepuesto-satin-para-gu10-drl\/","title":{"rendered":"Foco dirigible triple sobrepuesto Sat\u00edn (para GU10) DRL"},"content":{"rendered":"<p>El Foco dirigible triple sobrepuesto Sat\u00edn (para GU10) DRL es una soluci\u00f3n de iluminaci\u00f3n vers\u00e1til y funcional para uso en hogares, oficinas y comercios. Con su dise\u00f1o moderno y elegante, este foco triple sobrepuesto ofrece la flexibilidad de dirigir la luz a diferentes \u00e1reas seg\u00fan las necesidades. Es compatible con ampolletas GU10, lo que permite elegir la potencia y temperatura de color adecuadas para cada ambiente.<\/p>\n","protected":false},"excerpt":{"rendered":"<p>El Foco dirigible triple sobrepuesto Sat\u00edn (para GU10) DRL es una soluci\u00f3n de iluminaci\u00f3n vers\u00e1til y funcional para uso en hogares, oficinas y comercios. Con su dise\u00f1o moderno y elegante, este foco triple sobrepuesto ofrece la flexibilidad de dirigir la luz a diferentes \u00e1reas seg\u00fan las necesidades. Es compatible con ampolletas GU10, lo que permite elegir la potencia y temperatura [&hellip;]<\/p>\n","protected":false},"featured_media":1049,"comment_status":"open","ping_status":"closed","template":"","meta":{"_joinchat":[]},"product_brand":[],"product_cat":[44],"product_tag":[],"class_list":{"0":"post-1050","1":"product","2":"type-product","3":"status-publish","4":"has-post-thumbnail","6":"product_cat-iluminacion","8":"first","9":"instock","10":"shipping-taxable","11":"purchasable","12":"product-type-simple"},"ams_default_variation_id":0,"ams_product_points_reward":[],"ams_product_discount_percentage":0,"ams_price_to_display":17500,"ams_acf":[],"jetpack_sharing_enabled":true,"_links":{"self":[{"href":"https:\/\/solucionsolar.cl\/solar\/wp-json\/wp\/v2\/product\/1050","targetHints":{"allow":["GET"]}}],"collection":[{"href":"https:\/\/solucionsolar.cl\/solar\/wp-json\/wp\/v2\/product"}],"about":[{"href":"https:\/\/solucionsolar.cl\/solar\/wp-json\/wp\/v2\/types\/product"}],"replies":[{"embeddable":true,"href":"https:\/\/solucionsolar.cl\/solar\/wp-json\/wp\/v2\/comments?post=1050"}],"wp:featuredmedia":[{"embeddable":true,"href":"https:\/\/solucionsolar.cl\/solar\/wp-json\/wp\/v2\/media\/1049"}],"wp:attachment":[{"href":"https:\/\/solucionsolar.cl\/solar\/wp-json\/wp\/v2\/media?parent=1050"}],"wp:term":[{"taxonomy":"product_brand","embeddable":true,"href":"https:\/\/solucionsolar.cl\/solar\/wp-json\/wp\/v2\/product_brand?post=1050"},{"taxonomy":"product_cat","embeddable":true,"href":"https:\/\/solucionsolar.cl\/solar\/wp-json\/wp\/v2\/product_cat?post=1050"},{"taxonomy":"product_tag","embeddable":true,"href":"https:\/\/solucionsolar.cl\/solar\/wp-json\/wp\/v2\/product_tag?post=1050"}],"curies":[{"name":"wp","href":"https:\/\/api.w.org\/{rel}","templated":true}]}}