{"id":1063,"date":"2023-05-13T22:44:50","date_gmt":"2023-05-13T22:44:50","guid":{"rendered":"https:\/\/solucionsolar.cl\/solar\/producto\/panel-led-sobrepuesto-24w-redondo-6500k-wellmax\/"},"modified":"2023-05-13T22:44:50","modified_gmt":"2023-05-13T22:44:50","slug":"panel-led-sobrepuesto-24w-redondo-6500k-wellmax","status":"publish","type":"product","link":"https:\/\/solucionsolar.cl\/solar\/producto\/panel-led-sobrepuesto-24w-redondo-6500k-wellmax\/","title":{"rendered":"Panel LED Sobrepuesto 24W redondo 6500K WELLMAX"},"content":{"rendered":"<p>El Panel LED Sobrepuesto 24W redondo 6500K de WELLMAX es una l\u00e1mpara de techo de alta eficiencia energ\u00e9tica y larga vida \u00fatil, que ofrece una luz blanca fr\u00eda con una temperatura de color de 6500K. Con una potencia de 24W, este panel LED proporciona una iluminaci\u00f3n potente y uniforme en cualquier ambiente, ideal para aplicaciones en hogares, oficinas y comercios. Adem\u00e1s, su dise\u00f1o delgado y elegante lo hace f\u00e1cil de instalar y combinar con cualquier decoraci\u00f3n.<\/p>\n","protected":false},"excerpt":{"rendered":"<p>El Panel LED Sobrepuesto 24W redondo 6500K de WELLMAX es una l\u00e1mpara de techo de alta eficiencia energ\u00e9tica y larga vida \u00fatil, que ofrece una luz blanca fr\u00eda con una temperatura de color de 6500K. Con una potencia de 24W, este panel LED proporciona una iluminaci\u00f3n potente y uniforme en cualquier ambiente, ideal para aplicaciones en hogares, oficinas y comercios. [&hellip;]<\/p>\n","protected":false},"featured_media":1062,"comment_status":"open","ping_status":"closed","template":"","meta":{"_joinchat":[]},"product_brand":[],"product_cat":[44,50,46,51],"product_tag":[],"class_list":{"0":"post-1063","1":"product","2":"type-product","3":"status-publish","4":"has-post-thumbnail","6":"product_cat-iluminacion","7":"product_cat-luz-fria-sobrepuesta","8":"product_cat-panel-led","9":"product_cat-sobrepuestos","11":"first","12":"instock","13":"shipping-taxable","14":"purchasable","15":"product-type-simple"},"ams_default_variation_id":0,"ams_product_points_reward":[],"ams_product_discount_percentage":0,"ams_price_to_display":11500,"ams_acf":[],"jetpack_sharing_enabled":true,"_links":{"self":[{"href":"https:\/\/solucionsolar.cl\/solar\/wp-json\/wp\/v2\/product\/1063","targetHints":{"allow":["GET"]}}],"collection":[{"href":"https:\/\/solucionsolar.cl\/solar\/wp-json\/wp\/v2\/product"}],"about":[{"href":"https:\/\/solucionsolar.cl\/solar\/wp-json\/wp\/v2\/types\/product"}],"replies":[{"embeddable":true,"href":"https:\/\/solucionsolar.cl\/solar\/wp-json\/wp\/v2\/comments?post=1063"}],"wp:featuredmedia":[{"embeddable":true,"href":"https:\/\/solucionsolar.cl\/solar\/wp-json\/wp\/v2\/media\/1062"}],"wp:attachment":[{"href":"https:\/\/solucionsolar.cl\/solar\/wp-json\/wp\/v2\/media?parent=1063"}],"wp:term":[{"taxonomy":"product_brand","embeddable":true,"href":"https:\/\/solucionsolar.cl\/solar\/wp-json\/wp\/v2\/product_brand?post=1063"},{"taxonomy":"product_cat","embeddable":true,"href":"https:\/\/solucionsolar.cl\/solar\/wp-json\/wp\/v2\/product_cat?post=1063"},{"taxonomy":"product_tag","embeddable":true,"href":"https:\/\/solucionsolar.cl\/solar\/wp-json\/wp\/v2\/product_tag?post=1063"}],"curies":[{"name":"wp","href":"https:\/\/api.w.org\/{rel}","templated":true}]}}