{"id":1066,"date":"2023-05-13T22:44:54","date_gmt":"2023-05-13T22:44:54","guid":{"rendered":"https:\/\/solucionsolar.cl\/solar\/producto\/panel-led-sobrepuesto-18w-cuadrado-6-500k-wellmax\/"},"modified":"2023-05-13T22:44:54","modified_gmt":"2023-05-13T22:44:54","slug":"panel-led-sobrepuesto-18w-cuadrado-6-500k-wellmax","status":"publish","type":"product","link":"https:\/\/solucionsolar.cl\/solar\/producto\/panel-led-sobrepuesto-18w-cuadrado-6-500k-wellmax\/","title":{"rendered":"Panel LED Sobrepuesto 18W cuadrado 6.500K WELLMAX"},"content":{"rendered":"<p>El Panel LED Sobrepuesto 18W cuadrado 6.500K de WELLMAX es un dispositivo de iluminaci\u00f3n de alta eficiencia energ\u00e9tica con una potencia de 18 vatios y temperatura de color fr\u00eda de 6.500K. Tiene forma cuadrada y es ideal para instalaciones en techos o paredes. El panel est\u00e1 dise\u00f1ado para ahorrar energ\u00eda y tiene una vida \u00fatil de hasta 50.000 horas. Adem\u00e1s, cuenta con un dise\u00f1o delgado y moderno que se integra perfectamente en cualquier espacio.<\/p>\n","protected":false},"excerpt":{"rendered":"<p>El Panel LED Sobrepuesto 18W cuadrado 6.500K de WELLMAX es un dispositivo de iluminaci\u00f3n de alta eficiencia energ\u00e9tica con una potencia de 18 vatios y temperatura de color fr\u00eda de 6.500K. Tiene forma cuadrada y es ideal para instalaciones en techos o paredes. El panel est\u00e1 dise\u00f1ado para ahorrar energ\u00eda y tiene una vida \u00fatil de hasta 50.000 horas. Adem\u00e1s, [&hellip;]<\/p>\n","protected":false},"featured_media":1065,"comment_status":"open","ping_status":"closed","template":"","meta":{"_joinchat":[]},"product_brand":[],"product_cat":[44,50,46,51],"product_tag":[],"class_list":{"0":"post-1066","1":"product","2":"type-product","3":"status-publish","4":"has-post-thumbnail","6":"product_cat-iluminacion","7":"product_cat-luz-fria-sobrepuesta","8":"product_cat-panel-led","9":"product_cat-sobrepuestos","11":"first","12":"instock","13":"shipping-taxable","14":"purchasable","15":"product-type-simple"},"ams_default_variation_id":0,"ams_product_points_reward":[],"ams_product_discount_percentage":0,"ams_price_to_display":5900,"ams_acf":[],"jetpack_sharing_enabled":true,"_links":{"self":[{"href":"https:\/\/solucionsolar.cl\/solar\/wp-json\/wp\/v2\/product\/1066","targetHints":{"allow":["GET"]}}],"collection":[{"href":"https:\/\/solucionsolar.cl\/solar\/wp-json\/wp\/v2\/product"}],"about":[{"href":"https:\/\/solucionsolar.cl\/solar\/wp-json\/wp\/v2\/types\/product"}],"replies":[{"embeddable":true,"href":"https:\/\/solucionsolar.cl\/solar\/wp-json\/wp\/v2\/comments?post=1066"}],"wp:featuredmedia":[{"embeddable":true,"href":"https:\/\/solucionsolar.cl\/solar\/wp-json\/wp\/v2\/media\/1065"}],"wp:attachment":[{"href":"https:\/\/solucionsolar.cl\/solar\/wp-json\/wp\/v2\/media?parent=1066"}],"wp:term":[{"taxonomy":"product_brand","embeddable":true,"href":"https:\/\/solucionsolar.cl\/solar\/wp-json\/wp\/v2\/product_brand?post=1066"},{"taxonomy":"product_cat","embeddable":true,"href":"https:\/\/solucionsolar.cl\/solar\/wp-json\/wp\/v2\/product_cat?post=1066"},{"taxonomy":"product_tag","embeddable":true,"href":"https:\/\/solucionsolar.cl\/solar\/wp-json\/wp\/v2\/product_tag?post=1066"}],"curies":[{"name":"wp","href":"https:\/\/api.w.org\/{rel}","templated":true}]}}