{"id":1068,"date":"2023-05-13T22:44:56","date_gmt":"2023-05-13T22:44:56","guid":{"rendered":"https:\/\/solucionsolar.cl\/solar\/producto\/baliza-destello-led-220v-roja-lexo\/"},"modified":"2023-05-13T22:44:56","modified_gmt":"2023-05-13T22:44:56","slug":"baliza-destello-led-220v-roja-lexo","status":"publish","type":"product","link":"https:\/\/solucionsolar.cl\/solar\/producto\/baliza-destello-led-220v-roja-lexo\/","title":{"rendered":"Baliza destello LED 220V Roja LEXO"},"content":{"rendered":"<p>La baliza destello LED roja LEXO es un dispositivo de se\u00f1alizaci\u00f3n visual dise\u00f1ado para su uso en entornos industriales y comerciales. Con su luz roja brillante y destellante, es f\u00e1cilmente visible desde una gran distancia y est\u00e1 dise\u00f1ada para alertar a los trabajadores de peligros potenciales o para indicar la presencia de equipos en movimiento. El dispositivo se alimenta con 220V y cuenta con tecnolog\u00eda LED de bajo consumo que garantiza una larga vida \u00fatil.<\/p>\n","protected":false},"excerpt":{"rendered":"<p>La baliza destello LED roja LEXO es un dispositivo de se\u00f1alizaci\u00f3n visual dise\u00f1ado para su uso en entornos industriales y comerciales. Con su luz roja brillante y destellante, es f\u00e1cilmente visible desde una gran distancia y est\u00e1 dise\u00f1ada para alertar a los trabajadores de peligros potenciales o para indicar la presencia de equipos en movimiento. El dispositivo se alimenta con [&hellip;]<\/p>\n","protected":false},"featured_media":1067,"comment_status":"open","ping_status":"closed","template":"","meta":{"_joinchat":[]},"product_brand":[],"product_cat":[36],"product_tag":[],"class_list":{"0":"post-1068","1":"product","2":"type-product","3":"status-publish","4":"has-post-thumbnail","6":"product_cat-seguridad","8":"first","9":"instock","10":"shipping-taxable","11":"purchasable","12":"product-type-simple"},"ams_default_variation_id":0,"ams_product_points_reward":[],"ams_product_discount_percentage":0,"ams_price_to_display":6900,"ams_acf":[],"jetpack_sharing_enabled":true,"_links":{"self":[{"href":"https:\/\/solucionsolar.cl\/solar\/wp-json\/wp\/v2\/product\/1068","targetHints":{"allow":["GET"]}}],"collection":[{"href":"https:\/\/solucionsolar.cl\/solar\/wp-json\/wp\/v2\/product"}],"about":[{"href":"https:\/\/solucionsolar.cl\/solar\/wp-json\/wp\/v2\/types\/product"}],"replies":[{"embeddable":true,"href":"https:\/\/solucionsolar.cl\/solar\/wp-json\/wp\/v2\/comments?post=1068"}],"wp:featuredmedia":[{"embeddable":true,"href":"https:\/\/solucionsolar.cl\/solar\/wp-json\/wp\/v2\/media\/1067"}],"wp:attachment":[{"href":"https:\/\/solucionsolar.cl\/solar\/wp-json\/wp\/v2\/media?parent=1068"}],"wp:term":[{"taxonomy":"product_brand","embeddable":true,"href":"https:\/\/solucionsolar.cl\/solar\/wp-json\/wp\/v2\/product_brand?post=1068"},{"taxonomy":"product_cat","embeddable":true,"href":"https:\/\/solucionsolar.cl\/solar\/wp-json\/wp\/v2\/product_cat?post=1068"},{"taxonomy":"product_tag","embeddable":true,"href":"https:\/\/solucionsolar.cl\/solar\/wp-json\/wp\/v2\/product_tag?post=1068"}],"curies":[{"name":"wp","href":"https:\/\/api.w.org\/{rel}","templated":true}]}}