{"id":1074,"date":"2023-05-13T22:45:08","date_gmt":"2023-05-13T22:45:08","guid":{"rendered":"https:\/\/solucionsolar.cl\/solar\/producto\/campana-industrial-led-ufo-150w-vkb\/"},"modified":"2023-05-13T22:45:08","modified_gmt":"2023-05-13T22:45:08","slug":"campana-industrial-led-ufo-150w-vkb","status":"publish","type":"product","link":"https:\/\/solucionsolar.cl\/solar\/producto\/campana-industrial-led-ufo-150w-vkb\/","title":{"rendered":"Campana industrial LED UFO 150W VKB"},"content":{"rendered":"<p>La Campana industrial LED UFO de 150W VKB es una soluci\u00f3n de iluminaci\u00f3n de alta potencia y eficiencia energ\u00e9tica dise\u00f1ada para iluminar grandes espacios industriales. Con una potencia de 150W, esta campana proporciona una iluminaci\u00f3n brillante y uniforme con un bajo consumo de energ\u00eda gracias a su tecnolog\u00eda LED de alta calidad.<\/p>\n","protected":false},"excerpt":{"rendered":"<p>La Campana industrial LED UFO de 150W VKB es una soluci\u00f3n de iluminaci\u00f3n de alta potencia y eficiencia energ\u00e9tica dise\u00f1ada para iluminar grandes espacios industriales. Con una potencia de 150W, esta campana proporciona una iluminaci\u00f3n brillante y uniforme con un bajo consumo de energ\u00eda gracias a su tecnolog\u00eda LED de alta calidad.<\/p>\n","protected":false},"featured_media":1073,"comment_status":"open","ping_status":"closed","template":"","meta":{"_joinchat":[]},"product_brand":[],"product_cat":[44],"product_tag":[],"class_list":{"0":"post-1074","1":"product","2":"type-product","3":"status-publish","4":"has-post-thumbnail","6":"product_cat-iluminacion","8":"first","9":"instock","10":"shipping-taxable","11":"purchasable","12":"product-type-simple"},"ams_default_variation_id":0,"ams_product_points_reward":[],"ams_product_discount_percentage":0,"ams_price_to_display":58000,"ams_acf":[],"jetpack_sharing_enabled":true,"_links":{"self":[{"href":"https:\/\/solucionsolar.cl\/solar\/wp-json\/wp\/v2\/product\/1074","targetHints":{"allow":["GET"]}}],"collection":[{"href":"https:\/\/solucionsolar.cl\/solar\/wp-json\/wp\/v2\/product"}],"about":[{"href":"https:\/\/solucionsolar.cl\/solar\/wp-json\/wp\/v2\/types\/product"}],"replies":[{"embeddable":true,"href":"https:\/\/solucionsolar.cl\/solar\/wp-json\/wp\/v2\/comments?post=1074"}],"wp:featuredmedia":[{"embeddable":true,"href":"https:\/\/solucionsolar.cl\/solar\/wp-json\/wp\/v2\/media\/1073"}],"wp:attachment":[{"href":"https:\/\/solucionsolar.cl\/solar\/wp-json\/wp\/v2\/media?parent=1074"}],"wp:term":[{"taxonomy":"product_brand","embeddable":true,"href":"https:\/\/solucionsolar.cl\/solar\/wp-json\/wp\/v2\/product_brand?post=1074"},{"taxonomy":"product_cat","embeddable":true,"href":"https:\/\/solucionsolar.cl\/solar\/wp-json\/wp\/v2\/product_cat?post=1074"},{"taxonomy":"product_tag","embeddable":true,"href":"https:\/\/solucionsolar.cl\/solar\/wp-json\/wp\/v2\/product_tag?post=1074"}],"curies":[{"name":"wp","href":"https:\/\/api.w.org\/{rel}","templated":true}]}}