{"id":1076,"date":"2023-05-13T22:45:12","date_gmt":"2023-05-13T22:45:12","guid":{"rendered":"https:\/\/solucionsolar.cl\/solar\/producto\/ampolleta-led-11w-e27-6-500k-sec-wellmax\/"},"modified":"2023-05-13T22:45:12","modified_gmt":"2023-05-13T22:45:12","slug":"ampolleta-led-11w-e27-6-500k-sec-wellmax","status":"publish","type":"product","link":"https:\/\/solucionsolar.cl\/solar\/producto\/ampolleta-led-11w-e27-6-500k-sec-wellmax\/","title":{"rendered":"Ampolleta LED 11W E27 6.500K SEC WELLMAX"},"content":{"rendered":"<p>La Ampolleta LED de 11W E27 6.500K SEC WELLMAX es una soluci\u00f3n de iluminaci\u00f3n de alta calidad y eficiente en cuanto a energ\u00eda. Con una potencia de 11W y una temperatura de color de 6.500K, esta ampolleta proporciona una iluminaci\u00f3n brillante y n\u00edtida, ideal para espacios donde se requiere una buena visibilidad, como cocinas o \u00e1reas de trabajo.<\/p>\n","protected":false},"excerpt":{"rendered":"<p>La Ampolleta LED de 11W E27 6.500K SEC WELLMAX es una soluci\u00f3n de iluminaci\u00f3n de alta calidad y eficiente en cuanto a energ\u00eda. Con una potencia de 11W y una temperatura de color de 6.500K, esta ampolleta proporciona una iluminaci\u00f3n brillante y n\u00edtida, ideal para espacios donde se requiere una buena visibilidad, como cocinas o \u00e1reas de trabajo.<\/p>\n","protected":false},"featured_media":1075,"comment_status":"open","ping_status":"closed","template":"","meta":{"_joinchat":[]},"product_brand":[],"product_cat":[44],"product_tag":[],"class_list":{"0":"post-1076","1":"product","2":"type-product","3":"status-publish","4":"has-post-thumbnail","6":"product_cat-iluminacion","8":"first","9":"instock","10":"shipping-taxable","11":"purchasable","12":"product-type-simple"},"ams_default_variation_id":0,"ams_product_points_reward":[],"ams_product_discount_percentage":0,"ams_price_to_display":1500,"ams_acf":[],"jetpack_sharing_enabled":true,"_links":{"self":[{"href":"https:\/\/solucionsolar.cl\/solar\/wp-json\/wp\/v2\/product\/1076","targetHints":{"allow":["GET"]}}],"collection":[{"href":"https:\/\/solucionsolar.cl\/solar\/wp-json\/wp\/v2\/product"}],"about":[{"href":"https:\/\/solucionsolar.cl\/solar\/wp-json\/wp\/v2\/types\/product"}],"replies":[{"embeddable":true,"href":"https:\/\/solucionsolar.cl\/solar\/wp-json\/wp\/v2\/comments?post=1076"}],"wp:featuredmedia":[{"embeddable":true,"href":"https:\/\/solucionsolar.cl\/solar\/wp-json\/wp\/v2\/media\/1075"}],"wp:attachment":[{"href":"https:\/\/solucionsolar.cl\/solar\/wp-json\/wp\/v2\/media?parent=1076"}],"wp:term":[{"taxonomy":"product_brand","embeddable":true,"href":"https:\/\/solucionsolar.cl\/solar\/wp-json\/wp\/v2\/product_brand?post=1076"},{"taxonomy":"product_cat","embeddable":true,"href":"https:\/\/solucionsolar.cl\/solar\/wp-json\/wp\/v2\/product_cat?post=1076"},{"taxonomy":"product_tag","embeddable":true,"href":"https:\/\/solucionsolar.cl\/solar\/wp-json\/wp\/v2\/product_tag?post=1076"}],"curies":[{"name":"wp","href":"https:\/\/api.w.org\/{rel}","templated":true}]}}