{"id":1078,"date":"2023-05-13T22:45:14","date_gmt":"2023-05-13T22:45:14","guid":{"rendered":"https:\/\/solucionsolar.cl\/solar\/producto\/ampolleta-led-12w-smart-sec-vkb\/"},"modified":"2023-05-13T22:45:14","modified_gmt":"2023-05-13T22:45:14","slug":"ampolleta-led-12w-smart-sec-vkb","status":"publish","type":"product","link":"https:\/\/solucionsolar.cl\/solar\/producto\/ampolleta-led-12w-smart-sec-vkb\/","title":{"rendered":"Ampolleta LED 12W SMART SEC VKB"},"content":{"rendered":"<p>La Ampolleta LED 12W SMART SEC VKB es una soluci\u00f3n de iluminaci\u00f3n inteligente y eficiente en cuanto a energ\u00eda. Conectada a trav\u00e9s de Wi-Fi, esta ampolleta puede ser controlada por una aplicaci\u00f3n m\u00f3vil que permite ajustar su brillo y tono de luz desde cualquier lugar. Adem\u00e1s, cuenta con un modo de seguridad que permite programar su encendido y apagado autom\u00e1ticamente, lo que ayuda a simular la presencia de personas en el hogar cuando se est\u00e1 ausente.<\/p>\n","protected":false},"excerpt":{"rendered":"<p>La Ampolleta LED 12W SMART SEC VKB es una soluci\u00f3n de iluminaci\u00f3n inteligente y eficiente en cuanto a energ\u00eda. Conectada a trav\u00e9s de Wi-Fi, esta ampolleta puede ser controlada por una aplicaci\u00f3n m\u00f3vil que permite ajustar su brillo y tono de luz desde cualquier lugar. Adem\u00e1s, cuenta con un modo de seguridad que permite programar su encendido y apagado autom\u00e1ticamente, [&hellip;]<\/p>\n","protected":false},"featured_media":1077,"comment_status":"open","ping_status":"closed","template":"","meta":{"_joinchat":[]},"product_brand":[],"product_cat":[44],"product_tag":[],"class_list":{"0":"post-1078","1":"product","2":"type-product","3":"status-publish","4":"has-post-thumbnail","6":"product_cat-iluminacion","8":"first","9":"instock","10":"shipping-taxable","11":"purchasable","12":"product-type-simple"},"ams_default_variation_id":0,"ams_product_points_reward":[],"ams_product_discount_percentage":0,"ams_price_to_display":6900,"ams_acf":[],"jetpack_sharing_enabled":true,"_links":{"self":[{"href":"https:\/\/solucionsolar.cl\/solar\/wp-json\/wp\/v2\/product\/1078","targetHints":{"allow":["GET"]}}],"collection":[{"href":"https:\/\/solucionsolar.cl\/solar\/wp-json\/wp\/v2\/product"}],"about":[{"href":"https:\/\/solucionsolar.cl\/solar\/wp-json\/wp\/v2\/types\/product"}],"replies":[{"embeddable":true,"href":"https:\/\/solucionsolar.cl\/solar\/wp-json\/wp\/v2\/comments?post=1078"}],"wp:featuredmedia":[{"embeddable":true,"href":"https:\/\/solucionsolar.cl\/solar\/wp-json\/wp\/v2\/media\/1077"}],"wp:attachment":[{"href":"https:\/\/solucionsolar.cl\/solar\/wp-json\/wp\/v2\/media?parent=1078"}],"wp:term":[{"taxonomy":"product_brand","embeddable":true,"href":"https:\/\/solucionsolar.cl\/solar\/wp-json\/wp\/v2\/product_brand?post=1078"},{"taxonomy":"product_cat","embeddable":true,"href":"https:\/\/solucionsolar.cl\/solar\/wp-json\/wp\/v2\/product_cat?post=1078"},{"taxonomy":"product_tag","embeddable":true,"href":"https:\/\/solucionsolar.cl\/solar\/wp-json\/wp\/v2\/product_tag?post=1078"}],"curies":[{"name":"wp","href":"https:\/\/api.w.org\/{rel}","templated":true}]}}