{"id":1088,"date":"2023-05-13T22:45:35","date_gmt":"2023-05-13T22:45:35","guid":{"rendered":"https:\/\/solucionsolar.cl\/solar\/producto\/pack-3-foco-led-5w-dirigible-6500k-blanco-drl\/"},"modified":"2023-05-13T22:45:35","modified_gmt":"2023-05-13T22:45:35","slug":"pack-3-foco-led-5w-dirigible-6500k-blanco-drl","status":"publish","type":"product","link":"https:\/\/solucionsolar.cl\/solar\/producto\/pack-3-foco-led-5w-dirigible-6500k-blanco-drl\/","title":{"rendered":"Pack 3 Foco LED 5W dirigible 6500K Blanco DRL"},"content":{"rendered":"<p>El pack de 3 focos LED de la marca DRL es una excelente opci\u00f3n para aquellos que buscan una soluci\u00f3n de iluminaci\u00f3n eficiente y de alta calidad. Cada foco tiene una potencia de 5W y emite una luz fr\u00eda de 6500K, lo que los hace ideales para su uso en cocinas, ba\u00f1os y espacios de trabajo. Con su dise\u00f1o dirigible, puedes ajustar la direcci\u00f3n del haz de luz seg\u00fan tus necesidades.<\/p>\n","protected":false},"excerpt":{"rendered":"<p>El pack de 3 focos LED de la marca DRL es una excelente opci\u00f3n para aquellos que buscan una soluci\u00f3n de iluminaci\u00f3n eficiente y de alta calidad. Cada foco tiene una potencia de 5W y emite una luz fr\u00eda de 6500K, lo que los hace ideales para su uso en cocinas, ba\u00f1os y espacios de trabajo. Con su dise\u00f1o dirigible, [&hellip;]<\/p>\n","protected":false},"featured_media":1087,"comment_status":"open","ping_status":"closed","template":"","meta":{"_joinchat":[]},"product_brand":[],"product_cat":[44],"product_tag":[],"class_list":{"0":"post-1088","1":"product","2":"type-product","3":"status-publish","4":"has-post-thumbnail","6":"product_cat-iluminacion","8":"first","9":"instock","10":"shipping-taxable","11":"purchasable","12":"product-type-simple"},"ams_default_variation_id":0,"ams_product_points_reward":[],"ams_product_discount_percentage":0,"ams_price_to_display":8000,"ams_acf":[],"jetpack_sharing_enabled":true,"_links":{"self":[{"href":"https:\/\/solucionsolar.cl\/solar\/wp-json\/wp\/v2\/product\/1088","targetHints":{"allow":["GET"]}}],"collection":[{"href":"https:\/\/solucionsolar.cl\/solar\/wp-json\/wp\/v2\/product"}],"about":[{"href":"https:\/\/solucionsolar.cl\/solar\/wp-json\/wp\/v2\/types\/product"}],"replies":[{"embeddable":true,"href":"https:\/\/solucionsolar.cl\/solar\/wp-json\/wp\/v2\/comments?post=1088"}],"wp:featuredmedia":[{"embeddable":true,"href":"https:\/\/solucionsolar.cl\/solar\/wp-json\/wp\/v2\/media\/1087"}],"wp:attachment":[{"href":"https:\/\/solucionsolar.cl\/solar\/wp-json\/wp\/v2\/media?parent=1088"}],"wp:term":[{"taxonomy":"product_brand","embeddable":true,"href":"https:\/\/solucionsolar.cl\/solar\/wp-json\/wp\/v2\/product_brand?post=1088"},{"taxonomy":"product_cat","embeddable":true,"href":"https:\/\/solucionsolar.cl\/solar\/wp-json\/wp\/v2\/product_cat?post=1088"},{"taxonomy":"product_tag","embeddable":true,"href":"https:\/\/solucionsolar.cl\/solar\/wp-json\/wp\/v2\/product_tag?post=1088"}],"curies":[{"name":"wp","href":"https:\/\/api.w.org\/{rel}","templated":true}]}}