{"id":1089,"date":"2023-05-13T22:45:36","date_gmt":"2023-05-13T22:45:36","guid":{"rendered":"https:\/\/solucionsolar.cl\/solar\/producto\/ampolleta-led-7w-e27-3-000k-sec-vkb\/"},"modified":"2023-05-13T22:45:36","modified_gmt":"2023-05-13T22:45:36","slug":"ampolleta-led-7w-e27-3-000k-sec-vkb","status":"publish","type":"product","link":"https:\/\/solucionsolar.cl\/solar\/producto\/ampolleta-led-7w-e27-3-000k-sec-vkb\/","title":{"rendered":"Ampolleta LED 7W E27 3.000K SEC VKB"},"content":{"rendered":"<p>La ampolleta LED de 7W E27 3.000K de la marca VKB es una excelente opci\u00f3n para aquellos que buscan una soluci\u00f3n de iluminaci\u00f3n eficiente y de alta calidad. Con su tecnolog\u00eda LED, esta ampolleta consume menos energ\u00eda y tiene una vida \u00fatil m\u00e1s larga que las ampolletas convencionales. Adem\u00e1s, su temperatura de color de 3.000K emite una luz c\u00e1lida y acogedora, lo que la hace ideal para su uso en hogares, restaurantes y hoteles.<\/p>\n","protected":false},"excerpt":{"rendered":"<p>La ampolleta LED de 7W E27 3.000K de la marca VKB es una excelente opci\u00f3n para aquellos que buscan una soluci\u00f3n de iluminaci\u00f3n eficiente y de alta calidad. Con su tecnolog\u00eda LED, esta ampolleta consume menos energ\u00eda y tiene una vida \u00fatil m\u00e1s larga que las ampolletas convencionales. Adem\u00e1s, su temperatura de color de 3.000K emite una luz c\u00e1lida y [&hellip;]<\/p>\n","protected":false},"featured_media":1005,"comment_status":"open","ping_status":"closed","template":"","meta":{"_joinchat":[]},"product_brand":[],"product_cat":[44],"product_tag":[],"class_list":{"0":"post-1089","1":"product","2":"type-product","3":"status-publish","4":"has-post-thumbnail","6":"product_cat-iluminacion","8":"first","9":"instock","10":"shipping-taxable","11":"purchasable","12":"product-type-simple"},"ams_default_variation_id":0,"ams_product_points_reward":[],"ams_product_discount_percentage":0,"ams_price_to_display":800,"ams_acf":[],"jetpack_sharing_enabled":true,"_links":{"self":[{"href":"https:\/\/solucionsolar.cl\/solar\/wp-json\/wp\/v2\/product\/1089","targetHints":{"allow":["GET"]}}],"collection":[{"href":"https:\/\/solucionsolar.cl\/solar\/wp-json\/wp\/v2\/product"}],"about":[{"href":"https:\/\/solucionsolar.cl\/solar\/wp-json\/wp\/v2\/types\/product"}],"replies":[{"embeddable":true,"href":"https:\/\/solucionsolar.cl\/solar\/wp-json\/wp\/v2\/comments?post=1089"}],"wp:featuredmedia":[{"embeddable":true,"href":"https:\/\/solucionsolar.cl\/solar\/wp-json\/wp\/v2\/media\/1005"}],"wp:attachment":[{"href":"https:\/\/solucionsolar.cl\/solar\/wp-json\/wp\/v2\/media?parent=1089"}],"wp:term":[{"taxonomy":"product_brand","embeddable":true,"href":"https:\/\/solucionsolar.cl\/solar\/wp-json\/wp\/v2\/product_brand?post=1089"},{"taxonomy":"product_cat","embeddable":true,"href":"https:\/\/solucionsolar.cl\/solar\/wp-json\/wp\/v2\/product_cat?post=1089"},{"taxonomy":"product_tag","embeddable":true,"href":"https:\/\/solucionsolar.cl\/solar\/wp-json\/wp\/v2\/product_tag?post=1089"}],"curies":[{"name":"wp","href":"https:\/\/api.w.org\/{rel}","templated":true}]}}