{"id":109,"date":"2023-05-13T22:21:44","date_gmt":"2023-05-13T22:21:44","guid":{"rendered":"https:\/\/solucionsolar.cl\/solar\/producto\/tigreflex-20mmx25mt\/"},"modified":"2023-05-13T22:21:44","modified_gmt":"2023-05-13T22:21:44","slug":"tigreflex-20mmx25mt","status":"publish","type":"product","link":"https:\/\/solucionsolar.cl\/solar\/producto\/tigreflex-20mmx25mt\/","title":{"rendered":"Tigreflex 20mmx25mt"},"content":{"rendered":"<p>Tigreflex 20mmx25mt es una cinta aislante autoadhesiva utilizada para proteger y aislar cables el\u00e9ctricos y conexiones. Tiene una longitud de 25 metros y un ancho de 20mm. Su adhesivo permite una f\u00e1cil aplicaci\u00f3n y su capacidad de aislamiento garantiza la seguridad en instalaciones el\u00e9ctricas.<\/p>\n","protected":false},"excerpt":{"rendered":"<p>Tigreflex 20mmx25mt es una cinta aislante autoadhesiva utilizada para proteger y aislar cables el\u00e9ctricos y conexiones. Tiene una longitud de 25 metros y un ancho de 20mm. Su adhesivo permite una f\u00e1cil aplicaci\u00f3n y su capacidad de aislamiento garantiza la seguridad en instalaciones el\u00e9ctricas.<\/p>\n","protected":false},"featured_media":108,"comment_status":"open","ping_status":"closed","template":"","meta":{"_joinchat":[]},"product_brand":[],"product_cat":[17],"product_tag":[],"class_list":{"0":"post-109","1":"product","2":"type-product","3":"status-publish","4":"has-post-thumbnail","6":"product_cat-ferreteria","8":"first","9":"instock","10":"shipping-taxable","11":"purchasable","12":"product-type-simple"},"ams_default_variation_id":0,"ams_product_points_reward":[],"ams_product_discount_percentage":0,"ams_price_to_display":6900,"ams_acf":[],"jetpack_sharing_enabled":true,"_links":{"self":[{"href":"https:\/\/solucionsolar.cl\/solar\/wp-json\/wp\/v2\/product\/109","targetHints":{"allow":["GET"]}}],"collection":[{"href":"https:\/\/solucionsolar.cl\/solar\/wp-json\/wp\/v2\/product"}],"about":[{"href":"https:\/\/solucionsolar.cl\/solar\/wp-json\/wp\/v2\/types\/product"}],"replies":[{"embeddable":true,"href":"https:\/\/solucionsolar.cl\/solar\/wp-json\/wp\/v2\/comments?post=109"}],"wp:featuredmedia":[{"embeddable":true,"href":"https:\/\/solucionsolar.cl\/solar\/wp-json\/wp\/v2\/media\/108"}],"wp:attachment":[{"href":"https:\/\/solucionsolar.cl\/solar\/wp-json\/wp\/v2\/media?parent=109"}],"wp:term":[{"taxonomy":"product_brand","embeddable":true,"href":"https:\/\/solucionsolar.cl\/solar\/wp-json\/wp\/v2\/product_brand?post=109"},{"taxonomy":"product_cat","embeddable":true,"href":"https:\/\/solucionsolar.cl\/solar\/wp-json\/wp\/v2\/product_cat?post=109"},{"taxonomy":"product_tag","embeddable":true,"href":"https:\/\/solucionsolar.cl\/solar\/wp-json\/wp\/v2\/product_tag?post=109"}],"curies":[{"name":"wp","href":"https:\/\/api.w.org\/{rel}","templated":true}]}}