{"id":1100,"date":"2023-05-13T22:45:49","date_gmt":"2023-05-13T22:45:49","guid":{"rendered":"https:\/\/solucionsolar.cl\/solar\/producto\/farol-de-muro-tipo-cochero-negro-6-caras-drl\/"},"modified":"2023-05-13T22:45:49","modified_gmt":"2023-05-13T22:45:49","slug":"farol-de-muro-tipo-cochero-negro-6-caras-drl","status":"publish","type":"product","link":"https:\/\/solucionsolar.cl\/solar\/producto\/farol-de-muro-tipo-cochero-negro-6-caras-drl\/","title":{"rendered":"Farol de muro tipo Cochero Negro 6 caras DRL"},"content":{"rendered":"<p>El farol de muro tipo cochero negro de seis caras de la marca DRL es una luminaria de exterior cl\u00e1sica y resistente. Su dise\u00f1o de seis caras y su acabado en negro le dan un toque elegante y sofisticado a la iluminaci\u00f3n exterior de su hogar. Fabricado con materiales de alta calidad, este farol es duradero y resistente a la intemperie, lo que lo hace ideal para iluminar entradas, patios y jardines.<\/p>\n","protected":false},"excerpt":{"rendered":"<p>El farol de muro tipo cochero negro de seis caras de la marca DRL es una luminaria de exterior cl\u00e1sica y resistente. Su dise\u00f1o de seis caras y su acabado en negro le dan un toque elegante y sofisticado a la iluminaci\u00f3n exterior de su hogar. Fabricado con materiales de alta calidad, este farol es duradero y resistente a la [&hellip;]<\/p>\n","protected":false},"featured_media":1099,"comment_status":"open","ping_status":"closed","template":"","meta":{"_joinchat":[]},"product_brand":[],"product_cat":[44],"product_tag":[],"class_list":{"0":"post-1100","1":"product","2":"type-product","3":"status-publish","4":"has-post-thumbnail","6":"product_cat-iluminacion","8":"first","9":"instock","10":"shipping-taxable","11":"purchasable","12":"product-type-simple"},"ams_default_variation_id":0,"ams_product_points_reward":[],"ams_product_discount_percentage":0,"ams_price_to_display":15500,"ams_acf":[],"jetpack_sharing_enabled":true,"_links":{"self":[{"href":"https:\/\/solucionsolar.cl\/solar\/wp-json\/wp\/v2\/product\/1100","targetHints":{"allow":["GET"]}}],"collection":[{"href":"https:\/\/solucionsolar.cl\/solar\/wp-json\/wp\/v2\/product"}],"about":[{"href":"https:\/\/solucionsolar.cl\/solar\/wp-json\/wp\/v2\/types\/product"}],"replies":[{"embeddable":true,"href":"https:\/\/solucionsolar.cl\/solar\/wp-json\/wp\/v2\/comments?post=1100"}],"wp:featuredmedia":[{"embeddable":true,"href":"https:\/\/solucionsolar.cl\/solar\/wp-json\/wp\/v2\/media\/1099"}],"wp:attachment":[{"href":"https:\/\/solucionsolar.cl\/solar\/wp-json\/wp\/v2\/media?parent=1100"}],"wp:term":[{"taxonomy":"product_brand","embeddable":true,"href":"https:\/\/solucionsolar.cl\/solar\/wp-json\/wp\/v2\/product_brand?post=1100"},{"taxonomy":"product_cat","embeddable":true,"href":"https:\/\/solucionsolar.cl\/solar\/wp-json\/wp\/v2\/product_cat?post=1100"},{"taxonomy":"product_tag","embeddable":true,"href":"https:\/\/solucionsolar.cl\/solar\/wp-json\/wp\/v2\/product_tag?post=1100"}],"curies":[{"name":"wp","href":"https:\/\/api.w.org\/{rel}","templated":true}]}}