{"id":1102,"date":"2023-05-13T22:45:51","date_gmt":"2023-05-13T22:45:51","guid":{"rendered":"https:\/\/solucionsolar.cl\/solar\/producto\/farol-de-muro-tipo-cochero-negro-4-caras-drl\/"},"modified":"2023-05-13T22:45:51","modified_gmt":"2023-05-13T22:45:51","slug":"farol-de-muro-tipo-cochero-negro-4-caras-drl","status":"publish","type":"product","link":"https:\/\/solucionsolar.cl\/solar\/producto\/farol-de-muro-tipo-cochero-negro-4-caras-drl\/","title":{"rendered":"Farol de muro tipo Cochero Negro 4 caras DRL"},"content":{"rendered":"<p>El farol de muro tipo cochero negro de cuatro caras de la marca DRL es una luminaria de exterior elegante y resistente. Su dise\u00f1o cl\u00e1sico de cuatro caras y su acabado en negro lo hacen perfecto para complementar la decoraci\u00f3n de exteriores de estilo tradicional. Fabricado con materiales de alta calidad, este farol es duradero y resistente a la intemperie, lo que lo hace ideal para iluminar entradas, patios y jardines.<\/p>\n","protected":false},"excerpt":{"rendered":"<p>El farol de muro tipo cochero negro de cuatro caras de la marca DRL es una luminaria de exterior elegante y resistente. Su dise\u00f1o cl\u00e1sico de cuatro caras y su acabado en negro lo hacen perfecto para complementar la decoraci\u00f3n de exteriores de estilo tradicional. Fabricado con materiales de alta calidad, este farol es duradero y resistente a la intemperie, [&hellip;]<\/p>\n","protected":false},"featured_media":1101,"comment_status":"open","ping_status":"closed","template":"","meta":{"_joinchat":[]},"product_brand":[],"product_cat":[44],"product_tag":[],"class_list":{"0":"post-1102","1":"product","2":"type-product","3":"status-publish","4":"has-post-thumbnail","6":"product_cat-iluminacion","8":"first","9":"instock","10":"shipping-taxable","11":"purchasable","12":"product-type-simple"},"ams_default_variation_id":0,"ams_product_points_reward":[],"ams_product_discount_percentage":0,"ams_price_to_display":13500,"ams_acf":[],"jetpack_sharing_enabled":true,"_links":{"self":[{"href":"https:\/\/solucionsolar.cl\/solar\/wp-json\/wp\/v2\/product\/1102","targetHints":{"allow":["GET"]}}],"collection":[{"href":"https:\/\/solucionsolar.cl\/solar\/wp-json\/wp\/v2\/product"}],"about":[{"href":"https:\/\/solucionsolar.cl\/solar\/wp-json\/wp\/v2\/types\/product"}],"replies":[{"embeddable":true,"href":"https:\/\/solucionsolar.cl\/solar\/wp-json\/wp\/v2\/comments?post=1102"}],"wp:featuredmedia":[{"embeddable":true,"href":"https:\/\/solucionsolar.cl\/solar\/wp-json\/wp\/v2\/media\/1101"}],"wp:attachment":[{"href":"https:\/\/solucionsolar.cl\/solar\/wp-json\/wp\/v2\/media?parent=1102"}],"wp:term":[{"taxonomy":"product_brand","embeddable":true,"href":"https:\/\/solucionsolar.cl\/solar\/wp-json\/wp\/v2\/product_brand?post=1102"},{"taxonomy":"product_cat","embeddable":true,"href":"https:\/\/solucionsolar.cl\/solar\/wp-json\/wp\/v2\/product_cat?post=1102"},{"taxonomy":"product_tag","embeddable":true,"href":"https:\/\/solucionsolar.cl\/solar\/wp-json\/wp\/v2\/product_tag?post=1102"}],"curies":[{"name":"wp","href":"https:\/\/api.w.org\/{rel}","templated":true}]}}