{"id":111,"date":"2023-05-13T22:21:45","date_gmt":"2023-05-13T22:21:45","guid":{"rendered":"https:\/\/solucionsolar.cl\/solar\/producto\/curva-para-emt-25mm\/"},"modified":"2023-05-13T22:21:45","modified_gmt":"2023-05-13T22:21:45","slug":"curva-para-emt-25mm","status":"publish","type":"product","link":"https:\/\/solucionsolar.cl\/solar\/producto\/curva-para-emt-25mm\/","title":{"rendered":"Curva para EMT 25mm"},"content":{"rendered":"<p>La curva para EMT de 25mm es un accesorio utilizado en instalaciones el\u00e9ctricas para direccionar el cableado en \u00e1ngulos de 90 grados. Est\u00e1 dise\u00f1ado espec\u00edficamente para tubos EMT de 25mm de di\u00e1metro exterior y se fabrica en diferentes grados de curvatura seg\u00fan las necesidades de la instalaci\u00f3n. Su construcci\u00f3n resistente y duradera asegura que el cableado est\u00e9 protegido y asegurado en su recorrido.<\/p>\n","protected":false},"excerpt":{"rendered":"<p>La curva para EMT de 25mm es un accesorio utilizado en instalaciones el\u00e9ctricas para direccionar el cableado en \u00e1ngulos de 90 grados. Est\u00e1 dise\u00f1ado espec\u00edficamente para tubos EMT de 25mm de di\u00e1metro exterior y se fabrica en diferentes grados de curvatura seg\u00fan las necesidades de la instalaci\u00f3n. Su construcci\u00f3n resistente y duradera asegura que el cableado est\u00e9 protegido y asegurado [&hellip;]<\/p>\n","protected":false},"featured_media":110,"comment_status":"open","ping_status":"closed","template":"","meta":{"_joinchat":[]},"product_brand":[],"product_cat":[17],"product_tag":[],"class_list":{"0":"post-111","1":"product","2":"type-product","3":"status-publish","4":"has-post-thumbnail","6":"product_cat-ferreteria","8":"first","9":"instock","10":"shipping-taxable","11":"purchasable","12":"product-type-simple"},"ams_default_variation_id":0,"ams_product_points_reward":[],"ams_product_discount_percentage":0,"ams_price_to_display":1000,"ams_acf":[],"jetpack_sharing_enabled":true,"_links":{"self":[{"href":"https:\/\/solucionsolar.cl\/solar\/wp-json\/wp\/v2\/product\/111","targetHints":{"allow":["GET"]}}],"collection":[{"href":"https:\/\/solucionsolar.cl\/solar\/wp-json\/wp\/v2\/product"}],"about":[{"href":"https:\/\/solucionsolar.cl\/solar\/wp-json\/wp\/v2\/types\/product"}],"replies":[{"embeddable":true,"href":"https:\/\/solucionsolar.cl\/solar\/wp-json\/wp\/v2\/comments?post=111"}],"wp:featuredmedia":[{"embeddable":true,"href":"https:\/\/solucionsolar.cl\/solar\/wp-json\/wp\/v2\/media\/110"}],"wp:attachment":[{"href":"https:\/\/solucionsolar.cl\/solar\/wp-json\/wp\/v2\/media?parent=111"}],"wp:term":[{"taxonomy":"product_brand","embeddable":true,"href":"https:\/\/solucionsolar.cl\/solar\/wp-json\/wp\/v2\/product_brand?post=111"},{"taxonomy":"product_cat","embeddable":true,"href":"https:\/\/solucionsolar.cl\/solar\/wp-json\/wp\/v2\/product_cat?post=111"},{"taxonomy":"product_tag","embeddable":true,"href":"https:\/\/solucionsolar.cl\/solar\/wp-json\/wp\/v2\/product_tag?post=111"}],"curies":[{"name":"wp","href":"https:\/\/api.w.org\/{rel}","templated":true}]}}