{"id":1122,"date":"2023-05-13T22:46:22","date_gmt":"2023-05-13T22:46:22","guid":{"rendered":"https:\/\/solucionsolar.cl\/solar\/producto\/panel-led-sobrepuesto-6w-redondo-3000k-vkb\/"},"modified":"2023-05-13T22:46:22","modified_gmt":"2023-05-13T22:46:22","slug":"panel-led-sobrepuesto-6w-redondo-3000k-vkb","status":"publish","type":"product","link":"https:\/\/solucionsolar.cl\/solar\/producto\/panel-led-sobrepuesto-6w-redondo-3000k-vkb\/","title":{"rendered":"Panel LED Sobrepuesto 6W redondo 3000K VKB"},"content":{"rendered":"<p>El Panel LED Sobrepuesto 6W redondo 3000K VKB es una soluci\u00f3n de iluminaci\u00f3n LED econ\u00f3mica y eficiente energ\u00e9ticamente para hogares, oficinas y otros entornos comerciales. Con una temperatura de color c\u00e1lida de 3000K, proporciona una iluminaci\u00f3n suave y agradable que es ideal para \u00e1reas donde se busca crear una atm\u00f3sfera acogedora y relajante. Adem\u00e1s, su dise\u00f1o redondo y delgado lo hace f\u00e1cil de instalar en techos o paredes sin abultar demasiado.<\/p>\n","protected":false},"excerpt":{"rendered":"<p>El Panel LED Sobrepuesto 6W redondo 3000K VKB es una soluci\u00f3n de iluminaci\u00f3n LED econ\u00f3mica y eficiente energ\u00e9ticamente para hogares, oficinas y otros entornos comerciales. Con una temperatura de color c\u00e1lida de 3000K, proporciona una iluminaci\u00f3n suave y agradable que es ideal para \u00e1reas donde se busca crear una atm\u00f3sfera acogedora y relajante. Adem\u00e1s, su dise\u00f1o redondo y delgado lo [&hellip;]<\/p>\n","protected":false},"featured_media":1121,"comment_status":"open","ping_status":"closed","template":"","meta":{"_joinchat":[]},"product_brand":[],"product_cat":[44,54,46,51],"product_tag":[],"class_list":{"0":"post-1122","1":"product","2":"type-product","3":"status-publish","4":"has-post-thumbnail","6":"product_cat-iluminacion","7":"product_cat-luz-calida-sobrepuesta","8":"product_cat-panel-led","9":"product_cat-sobrepuestos","11":"first","12":"instock","13":"shipping-taxable","14":"purchasable","15":"product-type-simple"},"ams_default_variation_id":0,"ams_product_points_reward":[],"ams_product_discount_percentage":0,"ams_price_to_display":3500,"ams_acf":[],"jetpack_sharing_enabled":true,"_links":{"self":[{"href":"https:\/\/solucionsolar.cl\/solar\/wp-json\/wp\/v2\/product\/1122","targetHints":{"allow":["GET"]}}],"collection":[{"href":"https:\/\/solucionsolar.cl\/solar\/wp-json\/wp\/v2\/product"}],"about":[{"href":"https:\/\/solucionsolar.cl\/solar\/wp-json\/wp\/v2\/types\/product"}],"replies":[{"embeddable":true,"href":"https:\/\/solucionsolar.cl\/solar\/wp-json\/wp\/v2\/comments?post=1122"}],"wp:featuredmedia":[{"embeddable":true,"href":"https:\/\/solucionsolar.cl\/solar\/wp-json\/wp\/v2\/media\/1121"}],"wp:attachment":[{"href":"https:\/\/solucionsolar.cl\/solar\/wp-json\/wp\/v2\/media?parent=1122"}],"wp:term":[{"taxonomy":"product_brand","embeddable":true,"href":"https:\/\/solucionsolar.cl\/solar\/wp-json\/wp\/v2\/product_brand?post=1122"},{"taxonomy":"product_cat","embeddable":true,"href":"https:\/\/solucionsolar.cl\/solar\/wp-json\/wp\/v2\/product_cat?post=1122"},{"taxonomy":"product_tag","embeddable":true,"href":"https:\/\/solucionsolar.cl\/solar\/wp-json\/wp\/v2\/product_tag?post=1122"}],"curies":[{"name":"wp","href":"https:\/\/api.w.org\/{rel}","templated":true}]}}