{"id":1124,"date":"2023-05-13T22:46:25","date_gmt":"2023-05-13T22:46:25","guid":{"rendered":"https:\/\/solucionsolar.cl\/solar\/producto\/set-foco-led-2x50w-atril-vkb\/"},"modified":"2023-05-13T22:46:25","modified_gmt":"2023-05-13T22:46:25","slug":"set-foco-led-2x50w-atril-vkb","status":"publish","type":"product","link":"https:\/\/solucionsolar.cl\/solar\/producto\/set-foco-led-2x50w-atril-vkb\/","title":{"rendered":"Set Foco LED 2x50W + Atril VKB"},"content":{"rendered":"<p>El Set Foco LED 2x50W + Atril VKB es un kit de iluminaci\u00f3n port\u00e1til que incluye dos focos LED de 50 vatios cada uno y un atril para colocar los focos. Los focos utilizan tecnolog\u00eda LED de alta eficiencia energ\u00e9tica y proporcionan una luz blanca fr\u00eda. El atril es ajustable y resistente, lo que lo hace adecuado para su uso en diferentes tipos de superficies. Este kit es ideal para eventos al aire libre, presentaciones y exposiciones, ya que es f\u00e1cil de transportar y configurar.<\/p>\n","protected":false},"excerpt":{"rendered":"<p>El Set Foco LED 2x50W + Atril VKB es un kit de iluminaci\u00f3n port\u00e1til que incluye dos focos LED de 50 vatios cada uno y un atril para colocar los focos. Los focos utilizan tecnolog\u00eda LED de alta eficiencia energ\u00e9tica y proporcionan una luz blanca fr\u00eda. El atril es ajustable y resistente, lo que lo hace adecuado para su uso [&hellip;]<\/p>\n","protected":false},"featured_media":1123,"comment_status":"open","ping_status":"closed","template":"","meta":{"_joinchat":[]},"product_brand":[],"product_cat":[44,45],"product_tag":[],"class_list":{"0":"post-1124","1":"product","2":"type-product","3":"status-publish","4":"has-post-thumbnail","6":"product_cat-iluminacion","7":"product_cat-reflectores","9":"first","10":"instock","11":"shipping-taxable","12":"purchasable","13":"product-type-simple"},"ams_default_variation_id":0,"ams_product_points_reward":[],"ams_product_discount_percentage":0,"ams_price_to_display":43500,"ams_acf":[],"jetpack_sharing_enabled":true,"_links":{"self":[{"href":"https:\/\/solucionsolar.cl\/solar\/wp-json\/wp\/v2\/product\/1124","targetHints":{"allow":["GET"]}}],"collection":[{"href":"https:\/\/solucionsolar.cl\/solar\/wp-json\/wp\/v2\/product"}],"about":[{"href":"https:\/\/solucionsolar.cl\/solar\/wp-json\/wp\/v2\/types\/product"}],"replies":[{"embeddable":true,"href":"https:\/\/solucionsolar.cl\/solar\/wp-json\/wp\/v2\/comments?post=1124"}],"wp:featuredmedia":[{"embeddable":true,"href":"https:\/\/solucionsolar.cl\/solar\/wp-json\/wp\/v2\/media\/1123"}],"wp:attachment":[{"href":"https:\/\/solucionsolar.cl\/solar\/wp-json\/wp\/v2\/media?parent=1124"}],"wp:term":[{"taxonomy":"product_brand","embeddable":true,"href":"https:\/\/solucionsolar.cl\/solar\/wp-json\/wp\/v2\/product_brand?post=1124"},{"taxonomy":"product_cat","embeddable":true,"href":"https:\/\/solucionsolar.cl\/solar\/wp-json\/wp\/v2\/product_cat?post=1124"},{"taxonomy":"product_tag","embeddable":true,"href":"https:\/\/solucionsolar.cl\/solar\/wp-json\/wp\/v2\/product_tag?post=1124"}],"curies":[{"name":"wp","href":"https:\/\/api.w.org\/{rel}","templated":true}]}}