{"id":1125,"date":"2023-05-13T22:46:25","date_gmt":"2023-05-13T22:46:25","guid":{"rendered":"https:\/\/solucionsolar.cl\/solar\/producto\/panel-led-embutido-12w-redondo-3000k-vkb\/"},"modified":"2023-05-13T22:46:25","modified_gmt":"2023-05-13T22:46:25","slug":"panel-led-embutido-12w-redondo-3000k-vkb","status":"publish","type":"product","link":"https:\/\/solucionsolar.cl\/solar\/producto\/panel-led-embutido-12w-redondo-3000k-vkb\/","title":{"rendered":"Panel LED Embutido 12W redondo 3000K VKB"},"content":{"rendered":"<p>El Panel LED Embutido 12W redondo 3000K VKB es un dispositivo de iluminaci\u00f3n LED de alta eficiencia energ\u00e9tica y bajo consumo de energ\u00eda. Dise\u00f1ado para ser instalado en techos y paredes, este panel LED proporciona una luz suave y uniforme de tono c\u00e1lido (3000K) con un \u00e1ngulo de haz de 120 grados. Con un dise\u00f1o elegante y compacto, este panel LED es f\u00e1cil de instalar y tiene una larga vida \u00fatil. Adem\u00e1s, el panel est\u00e1 fabricado con materiales de alta calidad que garantizan una excelente durabilidad y resistencia al uso diario.<\/p>\n","protected":false},"excerpt":{"rendered":"<p>El Panel LED Embutido 12W redondo 3000K VKB es un dispositivo de iluminaci\u00f3n LED de alta eficiencia energ\u00e9tica y bajo consumo de energ\u00eda. Dise\u00f1ado para ser instalado en techos y paredes, este panel LED proporciona una luz suave y uniforme de tono c\u00e1lido (3000K) con un \u00e1ngulo de haz de 120 grados. Con un dise\u00f1o elegante y compacto, este panel [&hellip;]<\/p>\n","protected":false},"featured_media":1033,"comment_status":"open","ping_status":"closed","template":"","meta":{"_joinchat":[]},"product_brand":[],"product_cat":[47,44,49,46],"product_tag":[],"class_list":{"0":"post-1125","1":"product","2":"type-product","3":"status-publish","4":"has-post-thumbnail","6":"product_cat-embutidos","7":"product_cat-iluminacion","8":"product_cat-luz-calida-embutido","9":"product_cat-panel-led","11":"first","12":"instock","13":"shipping-taxable","14":"purchasable","15":"product-type-simple"},"ams_default_variation_id":0,"ams_product_points_reward":[],"ams_product_discount_percentage":0,"ams_price_to_display":4200,"ams_acf":[],"jetpack_sharing_enabled":true,"_links":{"self":[{"href":"https:\/\/solucionsolar.cl\/solar\/wp-json\/wp\/v2\/product\/1125","targetHints":{"allow":["GET"]}}],"collection":[{"href":"https:\/\/solucionsolar.cl\/solar\/wp-json\/wp\/v2\/product"}],"about":[{"href":"https:\/\/solucionsolar.cl\/solar\/wp-json\/wp\/v2\/types\/product"}],"replies":[{"embeddable":true,"href":"https:\/\/solucionsolar.cl\/solar\/wp-json\/wp\/v2\/comments?post=1125"}],"wp:featuredmedia":[{"embeddable":true,"href":"https:\/\/solucionsolar.cl\/solar\/wp-json\/wp\/v2\/media\/1033"}],"wp:attachment":[{"href":"https:\/\/solucionsolar.cl\/solar\/wp-json\/wp\/v2\/media?parent=1125"}],"wp:term":[{"taxonomy":"product_brand","embeddable":true,"href":"https:\/\/solucionsolar.cl\/solar\/wp-json\/wp\/v2\/product_brand?post=1125"},{"taxonomy":"product_cat","embeddable":true,"href":"https:\/\/solucionsolar.cl\/solar\/wp-json\/wp\/v2\/product_cat?post=1125"},{"taxonomy":"product_tag","embeddable":true,"href":"https:\/\/solucionsolar.cl\/solar\/wp-json\/wp\/v2\/product_tag?post=1125"}],"curies":[{"name":"wp","href":"https:\/\/api.w.org\/{rel}","templated":true}]}}