{"id":1130,"date":"2023-05-13T22:46:31","date_gmt":"2023-05-13T22:46:31","guid":{"rendered":"https:\/\/solucionsolar.cl\/solar\/producto\/panel-led-sobrepuesto-24w-ip54-negro-drl\/"},"modified":"2023-05-15T19:47:21","modified_gmt":"2023-05-15T19:47:21","slug":"panel-led-sobrepuesto-24w-ip54-negro-drl","status":"publish","type":"product","link":"https:\/\/solucionsolar.cl\/solar\/producto\/panel-led-sobrepuesto-24w-ip54-negro-drl\/","title":{"rendered":"Panel LED Sobrepuesto 24W IP54 Negro DRL"},"content":{"rendered":"<p>Es un sistema de iluminaci\u00f3n LED dise\u00f1ado para su instalaci\u00f3n en techos y paredes en interiores. Con una potencia de 24 vatios, proporciona una iluminaci\u00f3n uniforme y eficiente, ideal para hogares, oficinas y comercios.<\/p>\n","protected":false},"excerpt":{"rendered":"<p>Es un sistema de iluminaci\u00f3n LED dise\u00f1ado para su instalaci\u00f3n en techos y paredes en interiores. Con una potencia de 24 vatios, proporciona una iluminaci\u00f3n uniforme y eficiente, ideal para hogares, oficinas y comercios.<\/p>\n","protected":false},"featured_media":1129,"comment_status":"open","ping_status":"closed","template":"","meta":{"_joinchat":[]},"product_brand":[],"product_cat":[44],"product_tag":[],"class_list":{"0":"post-1130","1":"product","2":"type-product","3":"status-publish","4":"has-post-thumbnail","6":"product_cat-iluminacion","8":"first","9":"instock","10":"shipping-taxable","11":"purchasable","12":"product-type-simple"},"ams_default_variation_id":0,"ams_product_points_reward":[],"ams_product_discount_percentage":0,"ams_price_to_display":10000,"ams_acf":[],"jetpack_sharing_enabled":true,"_links":{"self":[{"href":"https:\/\/solucionsolar.cl\/solar\/wp-json\/wp\/v2\/product\/1130","targetHints":{"allow":["GET"]}}],"collection":[{"href":"https:\/\/solucionsolar.cl\/solar\/wp-json\/wp\/v2\/product"}],"about":[{"href":"https:\/\/solucionsolar.cl\/solar\/wp-json\/wp\/v2\/types\/product"}],"replies":[{"embeddable":true,"href":"https:\/\/solucionsolar.cl\/solar\/wp-json\/wp\/v2\/comments?post=1130"}],"wp:featuredmedia":[{"embeddable":true,"href":"https:\/\/solucionsolar.cl\/solar\/wp-json\/wp\/v2\/media\/1129"}],"wp:attachment":[{"href":"https:\/\/solucionsolar.cl\/solar\/wp-json\/wp\/v2\/media?parent=1130"}],"wp:term":[{"taxonomy":"product_brand","embeddable":true,"href":"https:\/\/solucionsolar.cl\/solar\/wp-json\/wp\/v2\/product_brand?post=1130"},{"taxonomy":"product_cat","embeddable":true,"href":"https:\/\/solucionsolar.cl\/solar\/wp-json\/wp\/v2\/product_cat?post=1130"},{"taxonomy":"product_tag","embeddable":true,"href":"https:\/\/solucionsolar.cl\/solar\/wp-json\/wp\/v2\/product_tag?post=1130"}],"curies":[{"name":"wp","href":"https:\/\/api.w.org\/{rel}","templated":true}]}}