{"id":1136,"date":"2023-05-13T22:46:43","date_gmt":"2023-05-13T22:46:43","guid":{"rendered":"https:\/\/solucionsolar.cl\/solar\/producto\/equipo-estanco-led-1x18w-6500k-con-tubo-drl\/"},"modified":"2023-05-13T22:46:43","modified_gmt":"2023-05-13T22:46:43","slug":"equipo-estanco-led-1x18w-6500k-con-tubo-drl","status":"publish","type":"product","link":"https:\/\/solucionsolar.cl\/solar\/producto\/equipo-estanco-led-1x18w-6500k-con-tubo-drl\/","title":{"rendered":"Equipo Estanco LED 1x18W 6500K con tubo DRL"},"content":{"rendered":"<p>El equipo estanco LED de 1x18W con tubo de la marca DRL es una soluci\u00f3n de iluminaci\u00f3n eficiente y resistente para aplicaciones en interiores y exteriores. Con su dise\u00f1o estanco, es resistente a la humedad, el polvo y la intemperie, lo que lo hace ideal para entornos dif\u00edciles. Su tubo de luz LED de 6500K proporciona una luz blanca brillante y uniforme, mientras que su tecnolog\u00eda LED asegura un bajo consumo energ\u00e9tico y una larga vida \u00fatil.<\/p>\n","protected":false},"excerpt":{"rendered":"<p>El equipo estanco LED de 1x18W con tubo de la marca DRL es una soluci\u00f3n de iluminaci\u00f3n eficiente y resistente para aplicaciones en interiores y exteriores. Con su dise\u00f1o estanco, es resistente a la humedad, el polvo y la intemperie, lo que lo hace ideal para entornos dif\u00edciles. Su tubo de luz LED de 6500K proporciona una luz blanca brillante [&hellip;]<\/p>\n","protected":false},"featured_media":1135,"comment_status":"open","ping_status":"closed","template":"","meta":{"_joinchat":[]},"product_brand":[],"product_cat":[44],"product_tag":[],"class_list":{"0":"post-1136","1":"product","2":"type-product","3":"status-publish","4":"has-post-thumbnail","6":"product_cat-iluminacion","8":"first","9":"instock","10":"shipping-taxable","11":"purchasable","12":"product-type-simple"},"ams_default_variation_id":0,"ams_product_points_reward":[],"ams_product_discount_percentage":0,"ams_price_to_display":9000,"ams_acf":[],"jetpack_sharing_enabled":true,"_links":{"self":[{"href":"https:\/\/solucionsolar.cl\/solar\/wp-json\/wp\/v2\/product\/1136","targetHints":{"allow":["GET"]}}],"collection":[{"href":"https:\/\/solucionsolar.cl\/solar\/wp-json\/wp\/v2\/product"}],"about":[{"href":"https:\/\/solucionsolar.cl\/solar\/wp-json\/wp\/v2\/types\/product"}],"replies":[{"embeddable":true,"href":"https:\/\/solucionsolar.cl\/solar\/wp-json\/wp\/v2\/comments?post=1136"}],"wp:featuredmedia":[{"embeddable":true,"href":"https:\/\/solucionsolar.cl\/solar\/wp-json\/wp\/v2\/media\/1135"}],"wp:attachment":[{"href":"https:\/\/solucionsolar.cl\/solar\/wp-json\/wp\/v2\/media?parent=1136"}],"wp:term":[{"taxonomy":"product_brand","embeddable":true,"href":"https:\/\/solucionsolar.cl\/solar\/wp-json\/wp\/v2\/product_brand?post=1136"},{"taxonomy":"product_cat","embeddable":true,"href":"https:\/\/solucionsolar.cl\/solar\/wp-json\/wp\/v2\/product_cat?post=1136"},{"taxonomy":"product_tag","embeddable":true,"href":"https:\/\/solucionsolar.cl\/solar\/wp-json\/wp\/v2\/product_tag?post=1136"}],"curies":[{"name":"wp","href":"https:\/\/api.w.org\/{rel}","templated":true}]}}