{"id":1138,"date":"2023-05-13T22:46:45","date_gmt":"2023-05-13T22:46:45","guid":{"rendered":"https:\/\/solucionsolar.cl\/solar\/producto\/porta-lampara-oval-e-27-bticino\/"},"modified":"2023-05-13T22:46:45","modified_gmt":"2023-05-13T22:46:45","slug":"porta-lampara-oval-e-27-bticino","status":"publish","type":"product","link":"https:\/\/solucionsolar.cl\/solar\/producto\/porta-lampara-oval-e-27-bticino\/","title":{"rendered":"Porta l\u00e1mpara oval E-27 BTICINO"},"content":{"rendered":"<p>El porta l\u00e1mpara oval E-27 de la marca BTICINO es un accesorio de iluminaci\u00f3n resistente y duradero. Es compatible con la mayor\u00eda de las bombillas est\u00e1ndar E-27 y su dise\u00f1o ovalado le brinda un aspecto elegante y moderno.<\/p>\n","protected":false},"excerpt":{"rendered":"<p>El porta l\u00e1mpara oval E-27 de la marca BTICINO es un accesorio de iluminaci\u00f3n resistente y duradero. Es compatible con la mayor\u00eda de las bombillas est\u00e1ndar E-27 y su dise\u00f1o ovalado le brinda un aspecto elegante y moderno.<\/p>\n","protected":false},"featured_media":1137,"comment_status":"open","ping_status":"closed","template":"","meta":{"_joinchat":[]},"product_brand":[],"product_cat":[44],"product_tag":[],"class_list":{"0":"post-1138","1":"product","2":"type-product","3":"status-publish","4":"has-post-thumbnail","6":"product_cat-iluminacion","8":"first","9":"instock","10":"shipping-taxable","11":"purchasable","12":"product-type-simple"},"ams_default_variation_id":0,"ams_product_points_reward":[],"ams_product_discount_percentage":0,"ams_price_to_display":2000,"ams_acf":[],"jetpack_sharing_enabled":true,"_links":{"self":[{"href":"https:\/\/solucionsolar.cl\/solar\/wp-json\/wp\/v2\/product\/1138","targetHints":{"allow":["GET"]}}],"collection":[{"href":"https:\/\/solucionsolar.cl\/solar\/wp-json\/wp\/v2\/product"}],"about":[{"href":"https:\/\/solucionsolar.cl\/solar\/wp-json\/wp\/v2\/types\/product"}],"replies":[{"embeddable":true,"href":"https:\/\/solucionsolar.cl\/solar\/wp-json\/wp\/v2\/comments?post=1138"}],"wp:featuredmedia":[{"embeddable":true,"href":"https:\/\/solucionsolar.cl\/solar\/wp-json\/wp\/v2\/media\/1137"}],"wp:attachment":[{"href":"https:\/\/solucionsolar.cl\/solar\/wp-json\/wp\/v2\/media?parent=1138"}],"wp:term":[{"taxonomy":"product_brand","embeddable":true,"href":"https:\/\/solucionsolar.cl\/solar\/wp-json\/wp\/v2\/product_brand?post=1138"},{"taxonomy":"product_cat","embeddable":true,"href":"https:\/\/solucionsolar.cl\/solar\/wp-json\/wp\/v2\/product_cat?post=1138"},{"taxonomy":"product_tag","embeddable":true,"href":"https:\/\/solucionsolar.cl\/solar\/wp-json\/wp\/v2\/product_tag?post=1138"}],"curies":[{"name":"wp","href":"https:\/\/api.w.org\/{rel}","templated":true}]}}