{"id":1144,"date":"2023-05-13T22:46:52","date_gmt":"2023-05-13T22:46:52","guid":{"rendered":"https:\/\/solucionsolar.cl\/solar\/producto\/foco-led-150w-2700k-sec-vkb\/"},"modified":"2023-05-13T22:46:52","modified_gmt":"2023-05-13T22:46:52","slug":"foco-led-150w-2700k-sec-vkb","status":"publish","type":"product","link":"https:\/\/solucionsolar.cl\/solar\/producto\/foco-led-150w-2700k-sec-vkb\/","title":{"rendered":"Foco LED 150W 2700K SEC VKB"},"content":{"rendered":"<p>El foco LED de 150W con temperatura de color de 2700K de la marca SEC VKB es una excelente opci\u00f3n para iluminar espacios interiores y exteriores de gran tama\u00f1o. Con una alta potencia lum\u00ednica, proporciona una iluminaci\u00f3n brillante y uniforme, mientras que su temperatura de color de 2700K ofrece una luz c\u00e1lida y acogedora. Su tecnolog\u00eda LED asegura un bajo consumo energ\u00e9tico y una larga vida \u00fatil. Este foco LED de 150W es f\u00e1cil de instalar y es ideal para aplicaciones de iluminaci\u00f3n en \u00e1reas comerciales e industriales, estacionamientos y \u00e1reas exteriores de edificios.<\/p>\n","protected":false},"excerpt":{"rendered":"<p>El foco LED de 150W con temperatura de color de 2700K de la marca SEC VKB es una excelente opci\u00f3n para iluminar espacios interiores y exteriores de gran tama\u00f1o. Con una alta potencia lum\u00ednica, proporciona una iluminaci\u00f3n brillante y uniforme, mientras que su temperatura de color de 2700K ofrece una luz c\u00e1lida y acogedora. Su tecnolog\u00eda LED asegura un bajo [&hellip;]<\/p>\n","protected":false},"featured_media":1143,"comment_status":"open","ping_status":"closed","template":"","meta":{"_joinchat":[]},"product_brand":[],"product_cat":[44,45],"product_tag":[],"class_list":{"0":"post-1144","1":"product","2":"type-product","3":"status-publish","4":"has-post-thumbnail","6":"product_cat-iluminacion","7":"product_cat-reflectores","9":"first","10":"instock","11":"shipping-taxable","12":"purchasable","13":"product-type-simple"},"ams_default_variation_id":0,"ams_product_points_reward":[],"ams_product_discount_percentage":0,"ams_price_to_display":34000,"ams_acf":[],"jetpack_sharing_enabled":true,"_links":{"self":[{"href":"https:\/\/solucionsolar.cl\/solar\/wp-json\/wp\/v2\/product\/1144","targetHints":{"allow":["GET"]}}],"collection":[{"href":"https:\/\/solucionsolar.cl\/solar\/wp-json\/wp\/v2\/product"}],"about":[{"href":"https:\/\/solucionsolar.cl\/solar\/wp-json\/wp\/v2\/types\/product"}],"replies":[{"embeddable":true,"href":"https:\/\/solucionsolar.cl\/solar\/wp-json\/wp\/v2\/comments?post=1144"}],"wp:featuredmedia":[{"embeddable":true,"href":"https:\/\/solucionsolar.cl\/solar\/wp-json\/wp\/v2\/media\/1143"}],"wp:attachment":[{"href":"https:\/\/solucionsolar.cl\/solar\/wp-json\/wp\/v2\/media?parent=1144"}],"wp:term":[{"taxonomy":"product_brand","embeddable":true,"href":"https:\/\/solucionsolar.cl\/solar\/wp-json\/wp\/v2\/product_brand?post=1144"},{"taxonomy":"product_cat","embeddable":true,"href":"https:\/\/solucionsolar.cl\/solar\/wp-json\/wp\/v2\/product_cat?post=1144"},{"taxonomy":"product_tag","embeddable":true,"href":"https:\/\/solucionsolar.cl\/solar\/wp-json\/wp\/v2\/product_tag?post=1144"}],"curies":[{"name":"wp","href":"https:\/\/api.w.org\/{rel}","templated":true}]}}