{"id":115,"date":"2023-05-13T22:21:47","date_gmt":"2023-05-13T22:21:47","guid":{"rendered":"https:\/\/solucionsolar.cl\/solar\/producto\/caja-estanca-100x100x60mm-con-cono-zama\/"},"modified":"2023-05-13T22:21:47","modified_gmt":"2023-05-13T22:21:47","slug":"caja-estanca-100x100x60mm-con-cono-zama","status":"publish","type":"product","link":"https:\/\/solucionsolar.cl\/solar\/producto\/caja-estanca-100x100x60mm-con-cono-zama\/","title":{"rendered":"Caja estanca 100x100x60mm con cono ZAMA"},"content":{"rendered":"<p>Una caja estanca de 100x100x60mm con cono ZAMA es un dispositivo utilizado para proteger conexiones el\u00e9ctricas al aire libre. Tiene un dise\u00f1o cuadrado y una tapa sellada que la hace resistente al agua y al polvo. Adem\u00e1s, cuenta con un cono de aleaci\u00f3n de zinc y aluminio para facilitar la entrada de cables y tuber\u00edas.<\/p>\n","protected":false},"excerpt":{"rendered":"<p>Una caja estanca de 100x100x60mm con cono ZAMA es un dispositivo utilizado para proteger conexiones el\u00e9ctricas al aire libre. Tiene un dise\u00f1o cuadrado y una tapa sellada que la hace resistente al agua y al polvo. Adem\u00e1s, cuenta con un cono de aleaci\u00f3n de zinc y aluminio para facilitar la entrada de cables y tuber\u00edas.<\/p>\n","protected":false},"featured_media":0,"comment_status":"open","ping_status":"closed","template":"","meta":{"_joinchat":[]},"product_brand":[],"product_cat":[17],"product_tag":[],"class_list":{"0":"post-115","1":"product","2":"type-product","3":"status-publish","5":"product_cat-ferreteria","7":"first","8":"instock","9":"shipping-taxable","10":"purchasable","11":"product-type-simple"},"ams_default_variation_id":0,"ams_product_points_reward":[],"ams_product_discount_percentage":0,"ams_price_to_display":2000,"ams_acf":[],"jetpack_sharing_enabled":true,"_links":{"self":[{"href":"https:\/\/solucionsolar.cl\/solar\/wp-json\/wp\/v2\/product\/115","targetHints":{"allow":["GET"]}}],"collection":[{"href":"https:\/\/solucionsolar.cl\/solar\/wp-json\/wp\/v2\/product"}],"about":[{"href":"https:\/\/solucionsolar.cl\/solar\/wp-json\/wp\/v2\/types\/product"}],"replies":[{"embeddable":true,"href":"https:\/\/solucionsolar.cl\/solar\/wp-json\/wp\/v2\/comments?post=115"}],"wp:attachment":[{"href":"https:\/\/solucionsolar.cl\/solar\/wp-json\/wp\/v2\/media?parent=115"}],"wp:term":[{"taxonomy":"product_brand","embeddable":true,"href":"https:\/\/solucionsolar.cl\/solar\/wp-json\/wp\/v2\/product_brand?post=115"},{"taxonomy":"product_cat","embeddable":true,"href":"https:\/\/solucionsolar.cl\/solar\/wp-json\/wp\/v2\/product_cat?post=115"},{"taxonomy":"product_tag","embeddable":true,"href":"https:\/\/solucionsolar.cl\/solar\/wp-json\/wp\/v2\/product_tag?post=115"}],"curies":[{"name":"wp","href":"https:\/\/api.w.org\/{rel}","templated":true}]}}