{"id":1150,"date":"2023-05-13T22:46:59","date_gmt":"2023-05-13T22:46:59","guid":{"rendered":"https:\/\/solucionsolar.cl\/solar\/producto\/foco-dirigible-triple-sobrepuesto-blanco-para-gu10-drl\/"},"modified":"2023-05-13T22:46:59","modified_gmt":"2023-05-13T22:46:59","slug":"foco-dirigible-triple-sobrepuesto-blanco-para-gu10-drl","status":"publish","type":"product","link":"https:\/\/solucionsolar.cl\/solar\/producto\/foco-dirigible-triple-sobrepuesto-blanco-para-gu10-drl\/","title":{"rendered":"Foco dirigible triple sobrepuesto Blanco (para GU10) DRL"},"content":{"rendered":"<p>El foco dirigible triple sobrepuesto en color blanco (para GU10) de la marca DRL es una soluci\u00f3n de iluminaci\u00f3n vers\u00e1til para espacios interiores. Con su dise\u00f1o dirigible, permite ajustar la direcci\u00f3n de la luz y destacar \u00e1reas espec\u00edficas de una habitaci\u00f3n. Es f\u00e1cil de instalar y compatible con bombillas GU10 est\u00e1ndar. Este foco dirigible triple es una excelente opci\u00f3n para aplicaciones de iluminaci\u00f3n residencial y comercial donde se requiere flexibilidad en la direcci\u00f3n de la luz.<\/p>\n","protected":false},"excerpt":{"rendered":"<p>El foco dirigible triple sobrepuesto en color blanco (para GU10) de la marca DRL es una soluci\u00f3n de iluminaci\u00f3n vers\u00e1til para espacios interiores. Con su dise\u00f1o dirigible, permite ajustar la direcci\u00f3n de la luz y destacar \u00e1reas espec\u00edficas de una habitaci\u00f3n. Es f\u00e1cil de instalar y compatible con bombillas GU10 est\u00e1ndar. Este foco dirigible triple es una excelente opci\u00f3n para [&hellip;]<\/p>\n","protected":false},"featured_media":1149,"comment_status":"open","ping_status":"closed","template":"","meta":{"_joinchat":[]},"product_brand":[],"product_cat":[44],"product_tag":[],"class_list":{"0":"post-1150","1":"product","2":"type-product","3":"status-publish","4":"has-post-thumbnail","6":"product_cat-iluminacion","8":"first","9":"instock","10":"shipping-taxable","11":"purchasable","12":"product-type-simple"},"ams_default_variation_id":0,"ams_product_points_reward":[],"ams_product_discount_percentage":0,"ams_price_to_display":15000,"ams_acf":[],"jetpack_sharing_enabled":true,"_links":{"self":[{"href":"https:\/\/solucionsolar.cl\/solar\/wp-json\/wp\/v2\/product\/1150","targetHints":{"allow":["GET"]}}],"collection":[{"href":"https:\/\/solucionsolar.cl\/solar\/wp-json\/wp\/v2\/product"}],"about":[{"href":"https:\/\/solucionsolar.cl\/solar\/wp-json\/wp\/v2\/types\/product"}],"replies":[{"embeddable":true,"href":"https:\/\/solucionsolar.cl\/solar\/wp-json\/wp\/v2\/comments?post=1150"}],"wp:featuredmedia":[{"embeddable":true,"href":"https:\/\/solucionsolar.cl\/solar\/wp-json\/wp\/v2\/media\/1149"}],"wp:attachment":[{"href":"https:\/\/solucionsolar.cl\/solar\/wp-json\/wp\/v2\/media?parent=1150"}],"wp:term":[{"taxonomy":"product_brand","embeddable":true,"href":"https:\/\/solucionsolar.cl\/solar\/wp-json\/wp\/v2\/product_brand?post=1150"},{"taxonomy":"product_cat","embeddable":true,"href":"https:\/\/solucionsolar.cl\/solar\/wp-json\/wp\/v2\/product_cat?post=1150"},{"taxonomy":"product_tag","embeddable":true,"href":"https:\/\/solucionsolar.cl\/solar\/wp-json\/wp\/v2\/product_tag?post=1150"}],"curies":[{"name":"wp","href":"https:\/\/api.w.org\/{rel}","templated":true}]}}