{"id":1157,"date":"2023-05-13T22:47:17","date_gmt":"2023-05-13T22:47:17","guid":{"rendered":"https:\/\/solucionsolar.cl\/solar\/producto\/panel-led-embutido-18w-redondo-4000k-megabright\/"},"modified":"2023-05-13T22:47:17","modified_gmt":"2023-05-13T22:47:17","slug":"panel-led-embutido-18w-redondo-4000k-megabright","status":"publish","type":"product","link":"https:\/\/solucionsolar.cl\/solar\/producto\/panel-led-embutido-18w-redondo-4000k-megabright\/","title":{"rendered":"Panel LED Embutido 18W redondo 4000K Megabright"},"content":{"rendered":"<p>El Panel LED Embutido 18W redondo 4000K Megabright es una luminaria que utiliza tecnolog\u00eda LED de alta eficiencia energ\u00e9tica para generar un flujo luminoso de 1800 l\u00famenes, equivalente a una bombilla incandescente de 100W. El panel est\u00e1 dise\u00f1ado para ser empotrado en techos y tiene un di\u00e1metro de 22 cm. Su temperatura de color es de 4000K, lo que produce una luz blanca natural y agradable a la vista<\/p>\n","protected":false},"excerpt":{"rendered":"<p>El Panel LED Embutido 18W redondo 4000K Megabright es una luminaria que utiliza tecnolog\u00eda LED de alta eficiencia energ\u00e9tica para generar un flujo luminoso de 1800 l\u00famenes, equivalente a una bombilla incandescente de 100W. El panel est\u00e1 dise\u00f1ado para ser empotrado en techos y tiene un di\u00e1metro de 22 cm. Su temperatura de color es de 4000K, lo que produce [&hellip;]<\/p>\n","protected":false},"featured_media":1156,"comment_status":"open","ping_status":"closed","template":"","meta":{"_joinchat":[]},"product_brand":[],"product_cat":[47,44,52,46],"product_tag":[],"class_list":{"0":"post-1157","1":"product","2":"type-product","3":"status-publish","4":"has-post-thumbnail","6":"product_cat-embutidos","7":"product_cat-iluminacion","8":"product_cat-luz-neutra-embutido","9":"product_cat-panel-led","11":"first","12":"instock","13":"shipping-taxable","14":"purchasable","15":"product-type-simple"},"ams_default_variation_id":0,"ams_product_points_reward":[],"ams_product_discount_percentage":0,"ams_price_to_display":4900,"ams_acf":[],"jetpack_sharing_enabled":true,"_links":{"self":[{"href":"https:\/\/solucionsolar.cl\/solar\/wp-json\/wp\/v2\/product\/1157","targetHints":{"allow":["GET"]}}],"collection":[{"href":"https:\/\/solucionsolar.cl\/solar\/wp-json\/wp\/v2\/product"}],"about":[{"href":"https:\/\/solucionsolar.cl\/solar\/wp-json\/wp\/v2\/types\/product"}],"replies":[{"embeddable":true,"href":"https:\/\/solucionsolar.cl\/solar\/wp-json\/wp\/v2\/comments?post=1157"}],"wp:featuredmedia":[{"embeddable":true,"href":"https:\/\/solucionsolar.cl\/solar\/wp-json\/wp\/v2\/media\/1156"}],"wp:attachment":[{"href":"https:\/\/solucionsolar.cl\/solar\/wp-json\/wp\/v2\/media?parent=1157"}],"wp:term":[{"taxonomy":"product_brand","embeddable":true,"href":"https:\/\/solucionsolar.cl\/solar\/wp-json\/wp\/v2\/product_brand?post=1157"},{"taxonomy":"product_cat","embeddable":true,"href":"https:\/\/solucionsolar.cl\/solar\/wp-json\/wp\/v2\/product_cat?post=1157"},{"taxonomy":"product_tag","embeddable":true,"href":"https:\/\/solucionsolar.cl\/solar\/wp-json\/wp\/v2\/product_tag?post=1157"}],"curies":[{"name":"wp","href":"https:\/\/api.w.org\/{rel}","templated":true}]}}