{"id":1161,"date":"2023-05-13T22:47:21","date_gmt":"2023-05-13T22:47:21","guid":{"rendered":"https:\/\/solucionsolar.cl\/solar\/producto\/ampolleta-led-5w-vela-e14-luz-calida-wellmax\/"},"modified":"2023-05-13T22:47:21","modified_gmt":"2023-05-13T22:47:21","slug":"ampolleta-led-5w-vela-e14-luz-calida-wellmax","status":"publish","type":"product","link":"https:\/\/solucionsolar.cl\/solar\/producto\/ampolleta-led-5w-vela-e14-luz-calida-wellmax\/","title":{"rendered":"Ampolleta LED 5W vela E14 Luz c\u00e1lida WELLMAX"},"content":{"rendered":"<p>La ampolleta LED vela de 5W con base E14 y luz c\u00e1lida de la marca WELLMAX es una excelente opci\u00f3n para iluminar espacios interiores con un ambiente acogedor y agradable. Su dise\u00f1o en forma de vela la hace perfecta para decorar y ambientar, mientras que su tecnolog\u00eda LED asegura un bajo consumo energ\u00e9tico y una vida \u00fatil prolongada.<\/p>\n","protected":false},"excerpt":{"rendered":"<p>La ampolleta LED vela de 5W con base E14 y luz c\u00e1lida de la marca WELLMAX es una excelente opci\u00f3n para iluminar espacios interiores con un ambiente acogedor y agradable. Su dise\u00f1o en forma de vela la hace perfecta para decorar y ambientar, mientras que su tecnolog\u00eda LED asegura un bajo consumo energ\u00e9tico y una vida \u00fatil prolongada.<\/p>\n","protected":false},"featured_media":1160,"comment_status":"open","ping_status":"closed","template":"","meta":{"_joinchat":[]},"product_brand":[],"product_cat":[44],"product_tag":[],"class_list":{"0":"post-1161","1":"product","2":"type-product","3":"status-publish","4":"has-post-thumbnail","6":"product_cat-iluminacion","8":"first","9":"instock","10":"shipping-taxable","11":"purchasable","12":"product-type-simple"},"ams_default_variation_id":0,"ams_product_points_reward":[],"ams_product_discount_percentage":0,"ams_price_to_display":1400,"ams_acf":[],"jetpack_sharing_enabled":true,"_links":{"self":[{"href":"https:\/\/solucionsolar.cl\/solar\/wp-json\/wp\/v2\/product\/1161","targetHints":{"allow":["GET"]}}],"collection":[{"href":"https:\/\/solucionsolar.cl\/solar\/wp-json\/wp\/v2\/product"}],"about":[{"href":"https:\/\/solucionsolar.cl\/solar\/wp-json\/wp\/v2\/types\/product"}],"replies":[{"embeddable":true,"href":"https:\/\/solucionsolar.cl\/solar\/wp-json\/wp\/v2\/comments?post=1161"}],"wp:featuredmedia":[{"embeddable":true,"href":"https:\/\/solucionsolar.cl\/solar\/wp-json\/wp\/v2\/media\/1160"}],"wp:attachment":[{"href":"https:\/\/solucionsolar.cl\/solar\/wp-json\/wp\/v2\/media?parent=1161"}],"wp:term":[{"taxonomy":"product_brand","embeddable":true,"href":"https:\/\/solucionsolar.cl\/solar\/wp-json\/wp\/v2\/product_brand?post=1161"},{"taxonomy":"product_cat","embeddable":true,"href":"https:\/\/solucionsolar.cl\/solar\/wp-json\/wp\/v2\/product_cat?post=1161"},{"taxonomy":"product_tag","embeddable":true,"href":"https:\/\/solucionsolar.cl\/solar\/wp-json\/wp\/v2\/product_tag?post=1161"}],"curies":[{"name":"wp","href":"https:\/\/api.w.org\/{rel}","templated":true}]}}