{"id":1165,"date":"2023-05-13T22:47:24","date_gmt":"2023-05-13T22:47:24","guid":{"rendered":"https:\/\/solucionsolar.cl\/solar\/producto\/ampolleta-led-5w-vela-e27-luz-calida-logic\/"},"modified":"2023-05-13T22:47:24","modified_gmt":"2023-05-13T22:47:24","slug":"ampolleta-led-5w-vela-e27-luz-calida-logic","status":"publish","type":"product","link":"https:\/\/solucionsolar.cl\/solar\/producto\/ampolleta-led-5w-vela-e27-luz-calida-logic\/","title":{"rendered":"Ampolleta LED 5W vela E27 Luz c\u00e1lida LOGIC"},"content":{"rendered":"<p>La ampolleta LED vela de 5W con base E27 y luz c\u00e1lida de la marca LOGIC es una opci\u00f3n de iluminaci\u00f3n eficiente y de larga duraci\u00f3n. Su dise\u00f1o en forma de vela la hace perfecta para decorar y ambientar espacios interiores, mientras que su tecnolog\u00eda LED asegura un bajo consumo energ\u00e9tico y una vida \u00fatil prolongada.<\/p>\n","protected":false},"excerpt":{"rendered":"<p>La ampolleta LED vela de 5W con base E27 y luz c\u00e1lida de la marca LOGIC es una opci\u00f3n de iluminaci\u00f3n eficiente y de larga duraci\u00f3n. Su dise\u00f1o en forma de vela la hace perfecta para decorar y ambientar espacios interiores, mientras que su tecnolog\u00eda LED asegura un bajo consumo energ\u00e9tico y una vida \u00fatil prolongada.<\/p>\n","protected":false},"featured_media":1164,"comment_status":"open","ping_status":"closed","template":"","meta":{"_joinchat":[]},"product_brand":[],"product_cat":[44],"product_tag":[],"class_list":{"0":"post-1165","1":"product","2":"type-product","3":"status-publish","4":"has-post-thumbnail","6":"product_cat-iluminacion","8":"first","9":"instock","10":"shipping-taxable","11":"purchasable","12":"product-type-simple"},"ams_default_variation_id":0,"ams_product_points_reward":[],"ams_product_discount_percentage":0,"ams_price_to_display":1400,"ams_acf":[],"jetpack_sharing_enabled":true,"_links":{"self":[{"href":"https:\/\/solucionsolar.cl\/solar\/wp-json\/wp\/v2\/product\/1165","targetHints":{"allow":["GET"]}}],"collection":[{"href":"https:\/\/solucionsolar.cl\/solar\/wp-json\/wp\/v2\/product"}],"about":[{"href":"https:\/\/solucionsolar.cl\/solar\/wp-json\/wp\/v2\/types\/product"}],"replies":[{"embeddable":true,"href":"https:\/\/solucionsolar.cl\/solar\/wp-json\/wp\/v2\/comments?post=1165"}],"wp:featuredmedia":[{"embeddable":true,"href":"https:\/\/solucionsolar.cl\/solar\/wp-json\/wp\/v2\/media\/1164"}],"wp:attachment":[{"href":"https:\/\/solucionsolar.cl\/solar\/wp-json\/wp\/v2\/media?parent=1165"}],"wp:term":[{"taxonomy":"product_brand","embeddable":true,"href":"https:\/\/solucionsolar.cl\/solar\/wp-json\/wp\/v2\/product_brand?post=1165"},{"taxonomy":"product_cat","embeddable":true,"href":"https:\/\/solucionsolar.cl\/solar\/wp-json\/wp\/v2\/product_cat?post=1165"},{"taxonomy":"product_tag","embeddable":true,"href":"https:\/\/solucionsolar.cl\/solar\/wp-json\/wp\/v2\/product_tag?post=1165"}],"curies":[{"name":"wp","href":"https:\/\/api.w.org\/{rel}","templated":true}]}}