{"id":1170,"date":"2023-05-13T22:47:32","date_gmt":"2023-05-13T22:47:32","guid":{"rendered":"https:\/\/solucionsolar.cl\/solar\/producto\/ampolleta-led-6w-gu10-6000k-sec-drl\/"},"modified":"2023-05-13T22:47:32","modified_gmt":"2023-05-13T22:47:32","slug":"ampolleta-led-6w-gu10-6000k-sec-drl","status":"publish","type":"product","link":"https:\/\/solucionsolar.cl\/solar\/producto\/ampolleta-led-6w-gu10-6000k-sec-drl\/","title":{"rendered":"Ampolleta LED 6W GU10 6000K SEC DRL"},"content":{"rendered":"<p>Es una opci\u00f3n eficiente y de bajo consumo de energ\u00eda para iluminaci\u00f3n residencial y comercial. La tecnolog\u00eda LED proporciona una luz brillante y clara con una temperatura de color de 6000K, lo que la hace ideal para \u00e1reas que requieren una iluminaci\u00f3n m\u00e1s brillante y fresca. Adem\u00e1s, cuenta con la certificaci\u00f3n SEC DRL, lo que significa que es segura y cumple con los est\u00e1ndares de eficiencia energ\u00e9tica y seguridad.<\/p>\n","protected":false},"excerpt":{"rendered":"<p>Es una opci\u00f3n eficiente y de bajo consumo de energ\u00eda para iluminaci\u00f3n residencial y comercial. La tecnolog\u00eda LED proporciona una luz brillante y clara con una temperatura de color de 6000K, lo que la hace ideal para \u00e1reas que requieren una iluminaci\u00f3n m\u00e1s brillante y fresca. Adem\u00e1s, cuenta con la certificaci\u00f3n SEC DRL, lo que significa que es segura y [&hellip;]<\/p>\n","protected":false},"featured_media":1169,"comment_status":"open","ping_status":"closed","template":"","meta":{"_joinchat":[]},"product_brand":[],"product_cat":[44],"product_tag":[],"class_list":{"0":"post-1170","1":"product","2":"type-product","3":"status-publish","4":"has-post-thumbnail","6":"product_cat-iluminacion","8":"first","9":"instock","10":"shipping-taxable","11":"purchasable","12":"product-type-simple"},"ams_default_variation_id":0,"ams_product_points_reward":[],"ams_product_discount_percentage":0,"ams_price_to_display":1400,"ams_acf":[],"jetpack_sharing_enabled":true,"_links":{"self":[{"href":"https:\/\/solucionsolar.cl\/solar\/wp-json\/wp\/v2\/product\/1170","targetHints":{"allow":["GET"]}}],"collection":[{"href":"https:\/\/solucionsolar.cl\/solar\/wp-json\/wp\/v2\/product"}],"about":[{"href":"https:\/\/solucionsolar.cl\/solar\/wp-json\/wp\/v2\/types\/product"}],"replies":[{"embeddable":true,"href":"https:\/\/solucionsolar.cl\/solar\/wp-json\/wp\/v2\/comments?post=1170"}],"wp:featuredmedia":[{"embeddable":true,"href":"https:\/\/solucionsolar.cl\/solar\/wp-json\/wp\/v2\/media\/1169"}],"wp:attachment":[{"href":"https:\/\/solucionsolar.cl\/solar\/wp-json\/wp\/v2\/media?parent=1170"}],"wp:term":[{"taxonomy":"product_brand","embeddable":true,"href":"https:\/\/solucionsolar.cl\/solar\/wp-json\/wp\/v2\/product_brand?post=1170"},{"taxonomy":"product_cat","embeddable":true,"href":"https:\/\/solucionsolar.cl\/solar\/wp-json\/wp\/v2\/product_cat?post=1170"},{"taxonomy":"product_tag","embeddable":true,"href":"https:\/\/solucionsolar.cl\/solar\/wp-json\/wp\/v2\/product_tag?post=1170"}],"curies":[{"name":"wp","href":"https:\/\/api.w.org\/{rel}","templated":true}]}}