{"id":1174,"date":"2023-05-13T22:47:39","date_gmt":"2023-05-13T22:47:39","guid":{"rendered":"https:\/\/solucionsolar.cl\/solar\/producto\/barra-de-luces-2xgu10-negro-vkb\/"},"modified":"2023-05-13T22:47:39","modified_gmt":"2023-05-13T22:47:39","slug":"barra-de-luces-2xgu10-negro-vkb","status":"publish","type":"product","link":"https:\/\/solucionsolar.cl\/solar\/producto\/barra-de-luces-2xgu10-negro-vkb\/","title":{"rendered":"Barra de luces 2xGU10 Negro VKB"},"content":{"rendered":"<p>Es un dispositivo de iluminaci\u00f3n para interiores que se utiliza para iluminar \u00e1reas espec\u00edficas en la casa, como cocinas, salones o pasillos. Esta barra de luces cuenta con dos soportes GU10 para colocar ampolletas LED de bajo consumo, lo que proporciona una luz brillante y de alta calidad. Su dise\u00f1o en color negro la hace una opci\u00f3n elegante y moderna para complementar la decoraci\u00f3n del hogar. Adem\u00e1s, es f\u00e1cil de instalar y ajustar para que se adapte a las necesidades de iluminaci\u00f3n de cada espacio.<\/p>\n","protected":false},"excerpt":{"rendered":"<p>Es un dispositivo de iluminaci\u00f3n para interiores que se utiliza para iluminar \u00e1reas espec\u00edficas en la casa, como cocinas, salones o pasillos. Esta barra de luces cuenta con dos soportes GU10 para colocar ampolletas LED de bajo consumo, lo que proporciona una luz brillante y de alta calidad. Su dise\u00f1o en color negro la hace una opci\u00f3n elegante y moderna [&hellip;]<\/p>\n","protected":false},"featured_media":1173,"comment_status":"open","ping_status":"closed","template":"","meta":{"_joinchat":[]},"product_brand":[],"product_cat":[44],"product_tag":[],"class_list":{"0":"post-1174","1":"product","2":"type-product","3":"status-publish","4":"has-post-thumbnail","6":"product_cat-iluminacion","8":"first","9":"instock","10":"shipping-taxable","11":"purchasable","12":"product-type-simple"},"ams_default_variation_id":0,"ams_product_points_reward":[],"ams_product_discount_percentage":0,"ams_price_to_display":12000,"ams_acf":[],"jetpack_sharing_enabled":true,"_links":{"self":[{"href":"https:\/\/solucionsolar.cl\/solar\/wp-json\/wp\/v2\/product\/1174","targetHints":{"allow":["GET"]}}],"collection":[{"href":"https:\/\/solucionsolar.cl\/solar\/wp-json\/wp\/v2\/product"}],"about":[{"href":"https:\/\/solucionsolar.cl\/solar\/wp-json\/wp\/v2\/types\/product"}],"replies":[{"embeddable":true,"href":"https:\/\/solucionsolar.cl\/solar\/wp-json\/wp\/v2\/comments?post=1174"}],"wp:featuredmedia":[{"embeddable":true,"href":"https:\/\/solucionsolar.cl\/solar\/wp-json\/wp\/v2\/media\/1173"}],"wp:attachment":[{"href":"https:\/\/solucionsolar.cl\/solar\/wp-json\/wp\/v2\/media?parent=1174"}],"wp:term":[{"taxonomy":"product_brand","embeddable":true,"href":"https:\/\/solucionsolar.cl\/solar\/wp-json\/wp\/v2\/product_brand?post=1174"},{"taxonomy":"product_cat","embeddable":true,"href":"https:\/\/solucionsolar.cl\/solar\/wp-json\/wp\/v2\/product_cat?post=1174"},{"taxonomy":"product_tag","embeddable":true,"href":"https:\/\/solucionsolar.cl\/solar\/wp-json\/wp\/v2\/product_tag?post=1174"}],"curies":[{"name":"wp","href":"https:\/\/api.w.org\/{rel}","templated":true}]}}