{"id":1175,"date":"2023-05-13T22:47:44","date_gmt":"2023-05-13T22:47:44","guid":{"rendered":"https:\/\/solucionsolar.cl\/solar\/producto\/kit-iluminacion-fotovoltaico-84w\/"},"modified":"2023-05-13T22:47:44","modified_gmt":"2023-05-13T22:47:44","slug":"kit-iluminacion-fotovoltaico-84w","status":"publish","type":"product","link":"https:\/\/solucionsolar.cl\/solar\/producto\/kit-iluminacion-fotovoltaico-84w\/","title":{"rendered":"Kit Iluminaci\u00f3n Fotovoltaico 84W"},"content":{"rendered":"<p>El Kit Iluminaci\u00f3n Fotovoltaico 84W es un sistema de iluminaci\u00f3n aut\u00f3nomo que funciona con energ\u00eda solar. Est\u00e1 dise\u00f1ado para proporcionar iluminaci\u00f3n en lugares donde no hay acceso a la red el\u00e9ctrica, como en zonas rurales o de dif\u00edcil acceso. El kit incluye paneles solares para capturar la energ\u00eda del sol, bater\u00edas para almacenar la energ\u00eda y una luminaria LED de alta eficiencia energ\u00e9tica. Con una potencia de 84W, puede iluminar grandes \u00e1reas durante la noche, lo que mejora la seguridad y visibilidad en \u00e1reas p\u00fablicas. Adem\u00e1s, al ser un sistema aut\u00f3nomo, es f\u00e1cil de instalar y mantener, lo que lo hace una opci\u00f3n pr\u00e1ctica y rentable para la iluminaci\u00f3n en lugares remotos.<\/p>\n","protected":false},"excerpt":{"rendered":"<p>El Kit Iluminaci\u00f3n Fotovoltaico 84W es un sistema de iluminaci\u00f3n aut\u00f3nomo que funciona con energ\u00eda solar. Est\u00e1 dise\u00f1ado para proporcionar iluminaci\u00f3n en lugares donde no hay acceso a la red el\u00e9ctrica, como en zonas rurales o de dif\u00edcil acceso. El kit incluye paneles solares para capturar la energ\u00eda del sol, bater\u00edas para almacenar la energ\u00eda y una luminaria LED de [&hellip;]<\/p>\n","protected":false},"featured_media":0,"comment_status":"open","ping_status":"closed","template":"","meta":{"_joinchat":[]},"product_brand":[],"product_cat":[44],"product_tag":[],"class_list":{"0":"post-1175","1":"product","2":"type-product","3":"status-publish","5":"product_cat-iluminacion","7":"first","8":"instock","9":"shipping-taxable","10":"purchasable","11":"product-type-simple"},"ams_default_variation_id":0,"ams_product_points_reward":[],"ams_product_discount_percentage":0,"ams_price_to_display":1500000,"ams_acf":[],"jetpack_sharing_enabled":true,"_links":{"self":[{"href":"https:\/\/solucionsolar.cl\/solar\/wp-json\/wp\/v2\/product\/1175","targetHints":{"allow":["GET"]}}],"collection":[{"href":"https:\/\/solucionsolar.cl\/solar\/wp-json\/wp\/v2\/product"}],"about":[{"href":"https:\/\/solucionsolar.cl\/solar\/wp-json\/wp\/v2\/types\/product"}],"replies":[{"embeddable":true,"href":"https:\/\/solucionsolar.cl\/solar\/wp-json\/wp\/v2\/comments?post=1175"}],"wp:attachment":[{"href":"https:\/\/solucionsolar.cl\/solar\/wp-json\/wp\/v2\/media?parent=1175"}],"wp:term":[{"taxonomy":"product_brand","embeddable":true,"href":"https:\/\/solucionsolar.cl\/solar\/wp-json\/wp\/v2\/product_brand?post=1175"},{"taxonomy":"product_cat","embeddable":true,"href":"https:\/\/solucionsolar.cl\/solar\/wp-json\/wp\/v2\/product_cat?post=1175"},{"taxonomy":"product_tag","embeddable":true,"href":"https:\/\/solucionsolar.cl\/solar\/wp-json\/wp\/v2\/product_tag?post=1175"}],"curies":[{"name":"wp","href":"https:\/\/api.w.org\/{rel}","templated":true}]}}