{"id":1176,"date":"2023-05-13T22:47:45","date_gmt":"2023-05-13T22:47:45","guid":{"rendered":"https:\/\/solucionsolar.cl\/solar\/producto\/luminaria-publica-2x150w-sec-doble-ala\/"},"modified":"2023-05-13T22:47:45","modified_gmt":"2023-05-13T22:47:45","slug":"luminaria-publica-2x150w-sec-doble-ala","status":"publish","type":"product","link":"https:\/\/solucionsolar.cl\/solar\/producto\/luminaria-publica-2x150w-sec-doble-ala\/","title":{"rendered":"Luminaria P\u00fablica 2x150w SEC\/ Doble Ala"},"content":{"rendered":"<p>La Luminaria P\u00fablica 2x150w SEC\/ Doble Ala es una l\u00e1mpara de calle de alta potencia dise\u00f1ada para iluminar grandes \u00e1reas p\u00fablicas como calles, parques y plazas. Con una potencia total de 300W, ofrece una iluminaci\u00f3n brillante y uniforme para mejorar la seguridad y visibilidad en \u00e1reas p\u00fablicas durante la noche. Su dise\u00f1o resistente y duradero la hace adecuada para uso en exteriores y su eficiencia energ\u00e9tica permite un bajo consumo de energ\u00eda. Adem\u00e1s, su construcci\u00f3n de alta calidad y bajo mantenimiento la hacen una opci\u00f3n pr\u00e1ctica y rentable para la iluminaci\u00f3n p\u00fablica a largo plazo. El modelo de doble ala ampl\u00eda la zona de iluminaci\u00f3n y mejora la distribuci\u00f3n lum\u00ednica.<\/p>\n","protected":false},"excerpt":{"rendered":"<p>La Luminaria P\u00fablica 2x150w SEC\/ Doble Ala es una l\u00e1mpara de calle de alta potencia dise\u00f1ada para iluminar grandes \u00e1reas p\u00fablicas como calles, parques y plazas. Con una potencia total de 300W, ofrece una iluminaci\u00f3n brillante y uniforme para mejorar la seguridad y visibilidad en \u00e1reas p\u00fablicas durante la noche. Su dise\u00f1o resistente y duradero la hace adecuada para uso [&hellip;]<\/p>\n","protected":false},"featured_media":0,"comment_status":"open","ping_status":"closed","template":"","meta":{"_joinchat":[]},"product_brand":[],"product_cat":[44],"product_tag":[],"class_list":{"0":"post-1176","1":"product","2":"type-product","3":"status-publish","5":"product_cat-iluminacion","7":"first","8":"instock","9":"shipping-taxable","10":"purchasable","11":"product-type-simple"},"ams_default_variation_id":0,"ams_product_points_reward":[],"ams_product_discount_percentage":0,"ams_price_to_display":1059100,"ams_acf":[],"jetpack_sharing_enabled":true,"_links":{"self":[{"href":"https:\/\/solucionsolar.cl\/solar\/wp-json\/wp\/v2\/product\/1176","targetHints":{"allow":["GET"]}}],"collection":[{"href":"https:\/\/solucionsolar.cl\/solar\/wp-json\/wp\/v2\/product"}],"about":[{"href":"https:\/\/solucionsolar.cl\/solar\/wp-json\/wp\/v2\/types\/product"}],"replies":[{"embeddable":true,"href":"https:\/\/solucionsolar.cl\/solar\/wp-json\/wp\/v2\/comments?post=1176"}],"wp:attachment":[{"href":"https:\/\/solucionsolar.cl\/solar\/wp-json\/wp\/v2\/media?parent=1176"}],"wp:term":[{"taxonomy":"product_brand","embeddable":true,"href":"https:\/\/solucionsolar.cl\/solar\/wp-json\/wp\/v2\/product_brand?post=1176"},{"taxonomy":"product_cat","embeddable":true,"href":"https:\/\/solucionsolar.cl\/solar\/wp-json\/wp\/v2\/product_cat?post=1176"},{"taxonomy":"product_tag","embeddable":true,"href":"https:\/\/solucionsolar.cl\/solar\/wp-json\/wp\/v2\/product_tag?post=1176"}],"curies":[{"name":"wp","href":"https:\/\/api.w.org\/{rel}","templated":true}]}}