{"id":1182,"date":"2023-05-13T22:48:01","date_gmt":"2023-05-13T22:48:01","guid":{"rendered":"https:\/\/solucionsolar.cl\/solar\/producto\/luminaria-publica-80w-sec-logic\/"},"modified":"2023-05-13T22:48:01","modified_gmt":"2023-05-13T22:48:01","slug":"luminaria-publica-80w-sec-logic","status":"publish","type":"product","link":"https:\/\/solucionsolar.cl\/solar\/producto\/luminaria-publica-80w-sec-logic\/","title":{"rendered":"Luminaria p\u00fablica 80W SEC LOGIC"},"content":{"rendered":"<p>La Luminaria p\u00fablica 80W SEC LOGIC es una l\u00e1mpara de calle de alta potencia dise\u00f1ada para iluminar grandes \u00e1reas p\u00fablicas como calles, parques y plazas. Con una potencia de 80W, ofrece una iluminaci\u00f3n brillante y uniforme para mejorar la seguridad y visibilidad en \u00e1reas p\u00fablicas durante la noche. Su dise\u00f1o resistente y duradero la hace adecuada para uso en exteriores y su eficiencia energ\u00e9tica permite un bajo consumo de energ\u00eda. Adem\u00e1s, su construcci\u00f3n de alta calidad y bajo mantenimiento la hacen una opci\u00f3n pr\u00e1ctica y rentable para la iluminaci\u00f3n p\u00fablica a largo plazo.<\/p>\n","protected":false},"excerpt":{"rendered":"<p>La Luminaria p\u00fablica 80W SEC LOGIC es una l\u00e1mpara de calle de alta potencia dise\u00f1ada para iluminar grandes \u00e1reas p\u00fablicas como calles, parques y plazas. Con una potencia de 80W, ofrece una iluminaci\u00f3n brillante y uniforme para mejorar la seguridad y visibilidad en \u00e1reas p\u00fablicas durante la noche. Su dise\u00f1o resistente y duradero la hace adecuada para uso en exteriores [&hellip;]<\/p>\n","protected":false},"featured_media":1181,"comment_status":"open","ping_status":"closed","template":"","meta":{"_joinchat":[]},"product_brand":[],"product_cat":[44],"product_tag":[],"class_list":{"0":"post-1182","1":"product","2":"type-product","3":"status-publish","4":"has-post-thumbnail","6":"product_cat-iluminacion","8":"first","9":"instock","10":"shipping-taxable","11":"purchasable","12":"product-type-simple"},"ams_default_variation_id":0,"ams_product_points_reward":[],"ams_product_discount_percentage":0,"ams_price_to_display":50000,"ams_acf":[],"jetpack_sharing_enabled":true,"_links":{"self":[{"href":"https:\/\/solucionsolar.cl\/solar\/wp-json\/wp\/v2\/product\/1182","targetHints":{"allow":["GET"]}}],"collection":[{"href":"https:\/\/solucionsolar.cl\/solar\/wp-json\/wp\/v2\/product"}],"about":[{"href":"https:\/\/solucionsolar.cl\/solar\/wp-json\/wp\/v2\/types\/product"}],"replies":[{"embeddable":true,"href":"https:\/\/solucionsolar.cl\/solar\/wp-json\/wp\/v2\/comments?post=1182"}],"wp:featuredmedia":[{"embeddable":true,"href":"https:\/\/solucionsolar.cl\/solar\/wp-json\/wp\/v2\/media\/1181"}],"wp:attachment":[{"href":"https:\/\/solucionsolar.cl\/solar\/wp-json\/wp\/v2\/media?parent=1182"}],"wp:term":[{"taxonomy":"product_brand","embeddable":true,"href":"https:\/\/solucionsolar.cl\/solar\/wp-json\/wp\/v2\/product_brand?post=1182"},{"taxonomy":"product_cat","embeddable":true,"href":"https:\/\/solucionsolar.cl\/solar\/wp-json\/wp\/v2\/product_cat?post=1182"},{"taxonomy":"product_tag","embeddable":true,"href":"https:\/\/solucionsolar.cl\/solar\/wp-json\/wp\/v2\/product_tag?post=1182"}],"curies":[{"name":"wp","href":"https:\/\/api.w.org\/{rel}","templated":true}]}}