{"id":1190,"date":"2023-05-13T22:48:19","date_gmt":"2023-05-13T22:48:19","guid":{"rendered":"https:\/\/solucionsolar.cl\/solar\/producto\/ampolleta-led-7w-e27-6-500k-sec-vkb\/"},"modified":"2023-05-13T22:48:19","modified_gmt":"2023-05-13T22:48:19","slug":"ampolleta-led-7w-e27-6-500k-sec-vkb","status":"publish","type":"product","link":"https:\/\/solucionsolar.cl\/solar\/producto\/ampolleta-led-7w-e27-6-500k-sec-vkb\/","title":{"rendered":"Ampolleta LED 7W E27 6.500K SEC VKB"},"content":{"rendered":"<p>La ampolleta LED de 7W E27 6.500K SEC VKB es un dispositivo de iluminaci\u00f3n de bajo consumo energ\u00e9tico y larga duraci\u00f3n. Tiene un casquillo E27, lo que significa que es compatible con muchos tipos de luminarias. La temperatura de color es de 6.500K, lo que produce una luz blanca fr\u00eda. La ampolleta es de 7 vatios, lo que proporciona un brillo equivalente a una ampolleta incandescente de aproximadamente 60 vatios.<\/p>\n","protected":false},"excerpt":{"rendered":"<p>La ampolleta LED de 7W E27 6.500K SEC VKB es un dispositivo de iluminaci\u00f3n de bajo consumo energ\u00e9tico y larga duraci\u00f3n. Tiene un casquillo E27, lo que significa que es compatible con muchos tipos de luminarias. La temperatura de color es de 6.500K, lo que produce una luz blanca fr\u00eda. La ampolleta es de 7 vatios, lo que proporciona un [&hellip;]<\/p>\n","protected":false},"featured_media":1189,"comment_status":"open","ping_status":"closed","template":"","meta":{"_joinchat":[]},"product_brand":[],"product_cat":[44],"product_tag":[],"class_list":{"0":"post-1190","1":"product","2":"type-product","3":"status-publish","4":"has-post-thumbnail","6":"product_cat-iluminacion","8":"first","9":"instock","10":"shipping-taxable","11":"purchasable","12":"product-type-simple"},"ams_default_variation_id":0,"ams_product_points_reward":[],"ams_product_discount_percentage":0,"ams_price_to_display":800,"ams_acf":[],"jetpack_sharing_enabled":true,"_links":{"self":[{"href":"https:\/\/solucionsolar.cl\/solar\/wp-json\/wp\/v2\/product\/1190","targetHints":{"allow":["GET"]}}],"collection":[{"href":"https:\/\/solucionsolar.cl\/solar\/wp-json\/wp\/v2\/product"}],"about":[{"href":"https:\/\/solucionsolar.cl\/solar\/wp-json\/wp\/v2\/types\/product"}],"replies":[{"embeddable":true,"href":"https:\/\/solucionsolar.cl\/solar\/wp-json\/wp\/v2\/comments?post=1190"}],"wp:featuredmedia":[{"embeddable":true,"href":"https:\/\/solucionsolar.cl\/solar\/wp-json\/wp\/v2\/media\/1189"}],"wp:attachment":[{"href":"https:\/\/solucionsolar.cl\/solar\/wp-json\/wp\/v2\/media?parent=1190"}],"wp:term":[{"taxonomy":"product_brand","embeddable":true,"href":"https:\/\/solucionsolar.cl\/solar\/wp-json\/wp\/v2\/product_brand?post=1190"},{"taxonomy":"product_cat","embeddable":true,"href":"https:\/\/solucionsolar.cl\/solar\/wp-json\/wp\/v2\/product_cat?post=1190"},{"taxonomy":"product_tag","embeddable":true,"href":"https:\/\/solucionsolar.cl\/solar\/wp-json\/wp\/v2\/product_tag?post=1190"}],"curies":[{"name":"wp","href":"https:\/\/api.w.org\/{rel}","templated":true}]}}