{"id":1192,"date":"2023-05-13T22:48:20","date_gmt":"2023-05-13T22:48:20","guid":{"rendered":"https:\/\/solucionsolar.cl\/solar\/producto\/ampolleta-led-5w-gu10-6-500k-sec-vkb\/"},"modified":"2023-05-13T22:48:20","modified_gmt":"2023-05-13T22:48:20","slug":"ampolleta-led-5w-gu10-6-500k-sec-vkb","status":"publish","type":"product","link":"https:\/\/solucionsolar.cl\/solar\/producto\/ampolleta-led-5w-gu10-6-500k-sec-vkb\/","title":{"rendered":"Ampolleta LED 5W GU10 6.500K SEC VKB"},"content":{"rendered":"<p>La Ampolleta LED 5W GU10 6.500K SEC VKB es una bombilla LED de bajo consumo y alta eficiencia energ\u00e9tica. Su conector GU10 es com\u00fanmente utilizado en l\u00e1mparas de mesa, apliques y focos empotrados. La temperatura de color de 6.500K proporciona una luz blanca fr\u00eda, ideal para iluminar espacios de trabajo y \u00e1reas donde se requiere una iluminaci\u00f3n clara y n\u00edtida. Adem\u00e1s, su larga vida \u00fatil y resistencia a golpes y vibraciones la convierten en una excelente opci\u00f3n para iluminaci\u00f3n de larga duraci\u00f3n.<\/p>\n","protected":false},"excerpt":{"rendered":"<p>La Ampolleta LED 5W GU10 6.500K SEC VKB es una bombilla LED de bajo consumo y alta eficiencia energ\u00e9tica. Su conector GU10 es com\u00fanmente utilizado en l\u00e1mparas de mesa, apliques y focos empotrados. La temperatura de color de 6.500K proporciona una luz blanca fr\u00eda, ideal para iluminar espacios de trabajo y \u00e1reas donde se requiere una iluminaci\u00f3n clara y n\u00edtida. [&hellip;]<\/p>\n","protected":false},"featured_media":1191,"comment_status":"open","ping_status":"closed","template":"","meta":{"_joinchat":[]},"product_brand":[],"product_cat":[44],"product_tag":[],"class_list":{"0":"post-1192","1":"product","2":"type-product","3":"status-publish","4":"has-post-thumbnail","6":"product_cat-iluminacion","8":"first","9":"instock","10":"shipping-taxable","11":"purchasable","12":"product-type-simple"},"ams_default_variation_id":0,"ams_product_points_reward":[],"ams_product_discount_percentage":0,"ams_price_to_display":1400,"ams_acf":[],"jetpack_sharing_enabled":true,"_links":{"self":[{"href":"https:\/\/solucionsolar.cl\/solar\/wp-json\/wp\/v2\/product\/1192","targetHints":{"allow":["GET"]}}],"collection":[{"href":"https:\/\/solucionsolar.cl\/solar\/wp-json\/wp\/v2\/product"}],"about":[{"href":"https:\/\/solucionsolar.cl\/solar\/wp-json\/wp\/v2\/types\/product"}],"replies":[{"embeddable":true,"href":"https:\/\/solucionsolar.cl\/solar\/wp-json\/wp\/v2\/comments?post=1192"}],"wp:featuredmedia":[{"embeddable":true,"href":"https:\/\/solucionsolar.cl\/solar\/wp-json\/wp\/v2\/media\/1191"}],"wp:attachment":[{"href":"https:\/\/solucionsolar.cl\/solar\/wp-json\/wp\/v2\/media?parent=1192"}],"wp:term":[{"taxonomy":"product_brand","embeddable":true,"href":"https:\/\/solucionsolar.cl\/solar\/wp-json\/wp\/v2\/product_brand?post=1192"},{"taxonomy":"product_cat","embeddable":true,"href":"https:\/\/solucionsolar.cl\/solar\/wp-json\/wp\/v2\/product_cat?post=1192"},{"taxonomy":"product_tag","embeddable":true,"href":"https:\/\/solucionsolar.cl\/solar\/wp-json\/wp\/v2\/product_tag?post=1192"}],"curies":[{"name":"wp","href":"https:\/\/api.w.org\/{rel}","templated":true}]}}