{"id":1194,"date":"2023-05-13T22:48:26","date_gmt":"2023-05-13T22:48:26","guid":{"rendered":"https:\/\/solucionsolar.cl\/solar\/producto\/aplique-exterior-semi-circular-1-dir-gris-claro-gug10-drl\/"},"modified":"2023-05-13T22:48:26","modified_gmt":"2023-05-13T22:48:26","slug":"aplique-exterior-semi-circular-1-dir-gris-claro-gug10-drl","status":"publish","type":"product","link":"https:\/\/solucionsolar.cl\/solar\/producto\/aplique-exterior-semi-circular-1-dir-gris-claro-gug10-drl\/","title":{"rendered":"Aplique exterior semi circular 1 Dir Gris claro (GUG10) DRL"},"content":{"rendered":"<p>Es una luminaria de exterior con forma semicircular, dise\u00f1ada para ser fijada a la pared. Su color gris claro le brinda un aspecto moderno y elegante, y su dise\u00f1o direccional permite una iluminaci\u00f3n precisa y enfocada en una direcci\u00f3n espec\u00edfica. Ideal para iluminar \u00e1reas exteriores como entradas, patios y jardines.<\/p>\n","protected":false},"excerpt":{"rendered":"<p>Es una luminaria de exterior con forma semicircular, dise\u00f1ada para ser fijada a la pared. Su color gris claro le brinda un aspecto moderno y elegante, y su dise\u00f1o direccional permite una iluminaci\u00f3n precisa y enfocada en una direcci\u00f3n espec\u00edfica. Ideal para iluminar \u00e1reas exteriores como entradas, patios y jardines.<\/p>\n","protected":false},"featured_media":1193,"comment_status":"open","ping_status":"closed","template":"","meta":{"_joinchat":[]},"product_brand":[],"product_cat":[44],"product_tag":[],"class_list":{"0":"post-1194","1":"product","2":"type-product","3":"status-publish","4":"has-post-thumbnail","6":"product_cat-iluminacion","8":"first","9":"instock","10":"shipping-taxable","11":"purchasable","12":"product-type-simple"},"ams_default_variation_id":0,"ams_product_points_reward":[],"ams_product_discount_percentage":0,"ams_price_to_display":6500,"ams_acf":[],"jetpack_sharing_enabled":true,"_links":{"self":[{"href":"https:\/\/solucionsolar.cl\/solar\/wp-json\/wp\/v2\/product\/1194","targetHints":{"allow":["GET"]}}],"collection":[{"href":"https:\/\/solucionsolar.cl\/solar\/wp-json\/wp\/v2\/product"}],"about":[{"href":"https:\/\/solucionsolar.cl\/solar\/wp-json\/wp\/v2\/types\/product"}],"replies":[{"embeddable":true,"href":"https:\/\/solucionsolar.cl\/solar\/wp-json\/wp\/v2\/comments?post=1194"}],"wp:featuredmedia":[{"embeddable":true,"href":"https:\/\/solucionsolar.cl\/solar\/wp-json\/wp\/v2\/media\/1193"}],"wp:attachment":[{"href":"https:\/\/solucionsolar.cl\/solar\/wp-json\/wp\/v2\/media?parent=1194"}],"wp:term":[{"taxonomy":"product_brand","embeddable":true,"href":"https:\/\/solucionsolar.cl\/solar\/wp-json\/wp\/v2\/product_brand?post=1194"},{"taxonomy":"product_cat","embeddable":true,"href":"https:\/\/solucionsolar.cl\/solar\/wp-json\/wp\/v2\/product_cat?post=1194"},{"taxonomy":"product_tag","embeddable":true,"href":"https:\/\/solucionsolar.cl\/solar\/wp-json\/wp\/v2\/product_tag?post=1194"}],"curies":[{"name":"wp","href":"https:\/\/api.w.org\/{rel}","templated":true}]}}