{"id":1196,"date":"2023-05-13T22:48:32","date_gmt":"2023-05-13T22:48:32","guid":{"rendered":"https:\/\/solucionsolar.cl\/solar\/producto\/barra-de-luces-3xgu10-negro-vkb-oferta\/"},"modified":"2023-05-13T22:48:32","modified_gmt":"2023-05-13T22:48:32","slug":"barra-de-luces-3xgu10-negro-vkb-oferta","status":"publish","type":"product","link":"https:\/\/solucionsolar.cl\/solar\/producto\/barra-de-luces-3xgu10-negro-vkb-oferta\/","title":{"rendered":"Barra de luces 3xGU10 Negro VKB OFERTA"},"content":{"rendered":"<p>La barra de luces 3xGU10 Negro VKB es un accesorio de iluminaci\u00f3n para interiores que se caracteriza por tener tres espacios para bombillas GU10. Est\u00e1 fabricada en un material resistente y de alta calidad con un acabado en negro. La barra de luces se puede ajustar f\u00e1cilmente para dirigir la luz hacia donde se necesite, lo que permite una iluminaci\u00f3n flexible y personalizada. Es f\u00e1cil de instalar en techos y paredes, lo que la hace ideal para su uso en cocinas, salas de estar, dormitorios y otros espacios interiores donde se requiere una iluminaci\u00f3n funcional y est\u00e9tica.<\/p>\n","protected":false},"excerpt":{"rendered":"<p>La barra de luces 3xGU10 Negro VKB es un accesorio de iluminaci\u00f3n para interiores que se caracteriza por tener tres espacios para bombillas GU10. Est\u00e1 fabricada en un material resistente y de alta calidad con un acabado en negro. La barra de luces se puede ajustar f\u00e1cilmente para dirigir la luz hacia donde se necesite, lo que permite una iluminaci\u00f3n [&hellip;]<\/p>\n","protected":false},"featured_media":1195,"comment_status":"open","ping_status":"closed","template":"","meta":{"_joinchat":[]},"product_brand":[],"product_cat":[44],"product_tag":[],"class_list":{"0":"post-1196","1":"product","2":"type-product","3":"status-publish","4":"has-post-thumbnail","6":"product_cat-iluminacion","8":"first","9":"instock","10":"shipping-taxable","11":"purchasable","12":"product-type-simple"},"ams_default_variation_id":0,"ams_product_points_reward":[],"ams_product_discount_percentage":0,"ams_price_to_display":17500,"ams_acf":[],"jetpack_sharing_enabled":true,"_links":{"self":[{"href":"https:\/\/solucionsolar.cl\/solar\/wp-json\/wp\/v2\/product\/1196","targetHints":{"allow":["GET"]}}],"collection":[{"href":"https:\/\/solucionsolar.cl\/solar\/wp-json\/wp\/v2\/product"}],"about":[{"href":"https:\/\/solucionsolar.cl\/solar\/wp-json\/wp\/v2\/types\/product"}],"replies":[{"embeddable":true,"href":"https:\/\/solucionsolar.cl\/solar\/wp-json\/wp\/v2\/comments?post=1196"}],"wp:featuredmedia":[{"embeddable":true,"href":"https:\/\/solucionsolar.cl\/solar\/wp-json\/wp\/v2\/media\/1195"}],"wp:attachment":[{"href":"https:\/\/solucionsolar.cl\/solar\/wp-json\/wp\/v2\/media?parent=1196"}],"wp:term":[{"taxonomy":"product_brand","embeddable":true,"href":"https:\/\/solucionsolar.cl\/solar\/wp-json\/wp\/v2\/product_brand?post=1196"},{"taxonomy":"product_cat","embeddable":true,"href":"https:\/\/solucionsolar.cl\/solar\/wp-json\/wp\/v2\/product_cat?post=1196"},{"taxonomy":"product_tag","embeddable":true,"href":"https:\/\/solucionsolar.cl\/solar\/wp-json\/wp\/v2\/product_tag?post=1196"}],"curies":[{"name":"wp","href":"https:\/\/api.w.org\/{rel}","templated":true}]}}