{"id":1198,"date":"2023-05-13T22:48:38","date_gmt":"2023-05-13T22:48:38","guid":{"rendered":"https:\/\/solucionsolar.cl\/solar\/producto\/tortuga-oval-de-aluminio-c-reja-e27-ip44-vkb\/"},"modified":"2023-05-13T22:48:38","modified_gmt":"2023-05-13T22:48:38","slug":"tortuga-oval-de-aluminio-c-reja-e27-ip44-vkb","status":"publish","type":"product","link":"https:\/\/solucionsolar.cl\/solar\/producto\/tortuga-oval-de-aluminio-c-reja-e27-ip44-vkb\/","title":{"rendered":"Tortuga oval de aluminio c\/reja E27 IP44 VKB"},"content":{"rendered":"<p>La tortuga oval de aluminio c\/reja E27 IP44 VKB es un accesorio de iluminaci\u00f3n exterior que se caracteriza por su dise\u00f1o ovalado y la rejilla de protecci\u00f3n. La unidad est\u00e1 dise\u00f1ada para alojar una bombilla E27 y tiene un \u00edndice de protecci\u00f3n IP44, lo que la hace resistente al agua y al polvo. La carcasa de aluminio proporciona una alta resistencia y durabilidad, lo que garantiza una larga vida \u00fatil. El accesorio es f\u00e1cil de instalar en paredes y se utiliza com\u00fanmente para iluminar entradas, patios y otras \u00e1reas exteriores de hogares, negocios y edificios p\u00fablicos.<\/p>\n","protected":false},"excerpt":{"rendered":"<p>La tortuga oval de aluminio c\/reja E27 IP44 VKB es un accesorio de iluminaci\u00f3n exterior que se caracteriza por su dise\u00f1o ovalado y la rejilla de protecci\u00f3n. La unidad est\u00e1 dise\u00f1ada para alojar una bombilla E27 y tiene un \u00edndice de protecci\u00f3n IP44, lo que la hace resistente al agua y al polvo. La carcasa de aluminio proporciona una alta [&hellip;]<\/p>\n","protected":false},"featured_media":1197,"comment_status":"open","ping_status":"closed","template":"","meta":{"_joinchat":[]},"product_brand":[],"product_cat":[44],"product_tag":[],"class_list":{"0":"post-1198","1":"product","2":"type-product","3":"status-publish","4":"has-post-thumbnail","6":"product_cat-iluminacion","8":"first","9":"instock","10":"shipping-taxable","11":"purchasable","12":"product-type-simple"},"ams_default_variation_id":0,"ams_product_points_reward":[],"ams_product_discount_percentage":0,"ams_price_to_display":3500,"ams_acf":[],"jetpack_sharing_enabled":true,"_links":{"self":[{"href":"https:\/\/solucionsolar.cl\/solar\/wp-json\/wp\/v2\/product\/1198","targetHints":{"allow":["GET"]}}],"collection":[{"href":"https:\/\/solucionsolar.cl\/solar\/wp-json\/wp\/v2\/product"}],"about":[{"href":"https:\/\/solucionsolar.cl\/solar\/wp-json\/wp\/v2\/types\/product"}],"replies":[{"embeddable":true,"href":"https:\/\/solucionsolar.cl\/solar\/wp-json\/wp\/v2\/comments?post=1198"}],"wp:featuredmedia":[{"embeddable":true,"href":"https:\/\/solucionsolar.cl\/solar\/wp-json\/wp\/v2\/media\/1197"}],"wp:attachment":[{"href":"https:\/\/solucionsolar.cl\/solar\/wp-json\/wp\/v2\/media?parent=1198"}],"wp:term":[{"taxonomy":"product_brand","embeddable":true,"href":"https:\/\/solucionsolar.cl\/solar\/wp-json\/wp\/v2\/product_brand?post=1198"},{"taxonomy":"product_cat","embeddable":true,"href":"https:\/\/solucionsolar.cl\/solar\/wp-json\/wp\/v2\/product_cat?post=1198"},{"taxonomy":"product_tag","embeddable":true,"href":"https:\/\/solucionsolar.cl\/solar\/wp-json\/wp\/v2\/product_tag?post=1198"}],"curies":[{"name":"wp","href":"https:\/\/api.w.org\/{rel}","templated":true}]}}