{"id":120,"date":"2023-05-13T22:21:50","date_gmt":"2023-05-13T22:21:50","guid":{"rendered":"https:\/\/solucionsolar.cl\/solar\/producto\/caja-estanca-70x70x50mm-redondo-con-cono\/"},"modified":"2023-05-13T22:21:50","modified_gmt":"2023-05-13T22:21:50","slug":"caja-estanca-70x70x50mm-redondo-con-cono","status":"publish","type":"product","link":"https:\/\/solucionsolar.cl\/solar\/producto\/caja-estanca-70x70x50mm-redondo-con-cono\/","title":{"rendered":"Caja estanca 70x70x50mm redondo con cono"},"content":{"rendered":"<p>Una caja estanca redonda de 70x70x50mm con cono es un dispositivo utilizado para proteger conexiones el\u00e9ctricas al aire libre. Tiene un dise\u00f1o redondo y una tapa sellada que la hace resistente al agua y al polvo. Adem\u00e1s, cuenta con un cono para facilitar la entrada de cables y tuber\u00edas.<\/p>\n","protected":false},"excerpt":{"rendered":"<p>Una caja estanca redonda de 70x70x50mm con cono es un dispositivo utilizado para proteger conexiones el\u00e9ctricas al aire libre. Tiene un dise\u00f1o redondo y una tapa sellada que la hace resistente al agua y al polvo. Adem\u00e1s, cuenta con un cono para facilitar la entrada de cables y tuber\u00edas.<\/p>\n","protected":false},"featured_media":0,"comment_status":"open","ping_status":"closed","template":"","meta":{"_joinchat":[]},"product_brand":[],"product_cat":[17],"product_tag":[],"class_list":{"0":"post-120","1":"product","2":"type-product","3":"status-publish","5":"product_cat-ferreteria","7":"first","8":"instock","9":"shipping-taxable","10":"purchasable","11":"product-type-simple"},"ams_default_variation_id":0,"ams_product_points_reward":[],"ams_product_discount_percentage":0,"ams_price_to_display":800,"ams_acf":[],"jetpack_sharing_enabled":true,"_links":{"self":[{"href":"https:\/\/solucionsolar.cl\/solar\/wp-json\/wp\/v2\/product\/120","targetHints":{"allow":["GET"]}}],"collection":[{"href":"https:\/\/solucionsolar.cl\/solar\/wp-json\/wp\/v2\/product"}],"about":[{"href":"https:\/\/solucionsolar.cl\/solar\/wp-json\/wp\/v2\/types\/product"}],"replies":[{"embeddable":true,"href":"https:\/\/solucionsolar.cl\/solar\/wp-json\/wp\/v2\/comments?post=120"}],"wp:attachment":[{"href":"https:\/\/solucionsolar.cl\/solar\/wp-json\/wp\/v2\/media?parent=120"}],"wp:term":[{"taxonomy":"product_brand","embeddable":true,"href":"https:\/\/solucionsolar.cl\/solar\/wp-json\/wp\/v2\/product_brand?post=120"},{"taxonomy":"product_cat","embeddable":true,"href":"https:\/\/solucionsolar.cl\/solar\/wp-json\/wp\/v2\/product_cat?post=120"},{"taxonomy":"product_tag","embeddable":true,"href":"https:\/\/solucionsolar.cl\/solar\/wp-json\/wp\/v2\/product_tag?post=120"}],"curies":[{"name":"wp","href":"https:\/\/api.w.org\/{rel}","templated":true}]}}