{"id":1200,"date":"2023-05-13T22:48:40","date_gmt":"2023-05-13T22:48:40","guid":{"rendered":"https:\/\/solucionsolar.cl\/solar\/producto\/luz-piloto-led-verde-22mm-lexo\/"},"modified":"2023-05-13T22:48:40","modified_gmt":"2023-05-13T22:48:40","slug":"luz-piloto-led-verde-22mm-lexo","status":"publish","type":"product","link":"https:\/\/solucionsolar.cl\/solar\/producto\/luz-piloto-led-verde-22mm-lexo\/","title":{"rendered":"Luz piloto LED Verde 22mm LEXO"},"content":{"rendered":"<p>La luz piloto LED Verde 22mm LEXO es un dispositivo de se\u00f1alizaci\u00f3n visual que proporciona una indicaci\u00f3n clara y brillante en color verde. El dispositivo tiene un di\u00e1metro de 22mm y se puede instalar f\u00e1cilmente en paneles de control y tableros el\u00e9ctricos. Equipado con tecnolog\u00eda LED de alta eficiencia energ\u00e9tica, proporciona una larga vida \u00fatil y un bajo consumo de energ\u00eda. Es ideal para su uso en aplicaciones industriales y comerciales, incluyendo maquinaria, equipos de automatizaci\u00f3n y sistemas de control, donde se requiere una se\u00f1alizaci\u00f3n visual clara y confiable.<\/p>\n","protected":false},"excerpt":{"rendered":"<p>La luz piloto LED Verde 22mm LEXO es un dispositivo de se\u00f1alizaci\u00f3n visual que proporciona una indicaci\u00f3n clara y brillante en color verde. El dispositivo tiene un di\u00e1metro de 22mm y se puede instalar f\u00e1cilmente en paneles de control y tableros el\u00e9ctricos. Equipado con tecnolog\u00eda LED de alta eficiencia energ\u00e9tica, proporciona una larga vida \u00fatil y un bajo consumo de [&hellip;]<\/p>\n","protected":false},"featured_media":1199,"comment_status":"open","ping_status":"closed","template":"","meta":{"_joinchat":[]},"product_brand":[],"product_cat":[44],"product_tag":[],"class_list":{"0":"post-1200","1":"product","2":"type-product","3":"status-publish","4":"has-post-thumbnail","6":"product_cat-iluminacion","8":"first","9":"instock","10":"shipping-taxable","11":"purchasable","12":"product-type-simple"},"ams_default_variation_id":0,"ams_product_points_reward":[],"ams_product_discount_percentage":0,"ams_price_to_display":1250,"ams_acf":[],"jetpack_sharing_enabled":true,"_links":{"self":[{"href":"https:\/\/solucionsolar.cl\/solar\/wp-json\/wp\/v2\/product\/1200","targetHints":{"allow":["GET"]}}],"collection":[{"href":"https:\/\/solucionsolar.cl\/solar\/wp-json\/wp\/v2\/product"}],"about":[{"href":"https:\/\/solucionsolar.cl\/solar\/wp-json\/wp\/v2\/types\/product"}],"replies":[{"embeddable":true,"href":"https:\/\/solucionsolar.cl\/solar\/wp-json\/wp\/v2\/comments?post=1200"}],"wp:featuredmedia":[{"embeddable":true,"href":"https:\/\/solucionsolar.cl\/solar\/wp-json\/wp\/v2\/media\/1199"}],"wp:attachment":[{"href":"https:\/\/solucionsolar.cl\/solar\/wp-json\/wp\/v2\/media?parent=1200"}],"wp:term":[{"taxonomy":"product_brand","embeddable":true,"href":"https:\/\/solucionsolar.cl\/solar\/wp-json\/wp\/v2\/product_brand?post=1200"},{"taxonomy":"product_cat","embeddable":true,"href":"https:\/\/solucionsolar.cl\/solar\/wp-json\/wp\/v2\/product_cat?post=1200"},{"taxonomy":"product_tag","embeddable":true,"href":"https:\/\/solucionsolar.cl\/solar\/wp-json\/wp\/v2\/product_tag?post=1200"}],"curies":[{"name":"wp","href":"https:\/\/api.w.org\/{rel}","templated":true}]}}