{"id":1202,"date":"2023-05-13T22:48:44","date_gmt":"2023-05-13T22:48:44","guid":{"rendered":"https:\/\/solucionsolar.cl\/solar\/producto\/foco-dirigible-doble-sobrepuesto-blanco-para-gu10-drl\/"},"modified":"2023-05-13T22:48:44","modified_gmt":"2023-05-13T22:48:44","slug":"foco-dirigible-doble-sobrepuesto-blanco-para-gu10-drl","status":"publish","type":"product","link":"https:\/\/solucionsolar.cl\/solar\/producto\/foco-dirigible-doble-sobrepuesto-blanco-para-gu10-drl\/","title":{"rendered":"Foco dirigible doble sobrepuesto Blanco (para GU10) DRL"},"content":{"rendered":"<p>El foco dirigible doble sobrepuesto Blanco (para GU10) DRL es un sistema de iluminaci\u00f3n que consta de dos focos direccionables, montados en una estructura sobrepuesta, que se pueden ajustar individualmente para iluminar \u00e1reas espec\u00edficas. Cada foco utiliza una l\u00e1mpara GU10 para proporcionar una luz blanca brillante y n\u00edtida. El dise\u00f1o sobrepuesto permite una f\u00e1cil instalaci\u00f3n en techos y paredes. Adem\u00e1s, la tecnolog\u00eda LED proporciona una larga vida \u00fatil y un bajo consumo de energ\u00eda, lo que se traduce en ahorros significativos a largo plazo. Es ideal para su uso en hogares, tiendas y oficinas donde se requiere una iluminaci\u00f3n dirigida y ajustable.<\/p>\n","protected":false},"excerpt":{"rendered":"<p>El foco dirigible doble sobrepuesto Blanco (para GU10) DRL es un sistema de iluminaci\u00f3n que consta de dos focos direccionables, montados en una estructura sobrepuesta, que se pueden ajustar individualmente para iluminar \u00e1reas espec\u00edficas. Cada foco utiliza una l\u00e1mpara GU10 para proporcionar una luz blanca brillante y n\u00edtida. El dise\u00f1o sobrepuesto permite una f\u00e1cil instalaci\u00f3n en techos y paredes. Adem\u00e1s, [&hellip;]<\/p>\n","protected":false},"featured_media":1201,"comment_status":"open","ping_status":"closed","template":"","meta":{"_joinchat":[]},"product_brand":[],"product_cat":[44],"product_tag":[],"class_list":{"0":"post-1202","1":"product","2":"type-product","3":"status-publish","4":"has-post-thumbnail","6":"product_cat-iluminacion","8":"first","9":"instock","10":"shipping-taxable","11":"purchasable","12":"product-type-simple"},"ams_default_variation_id":0,"ams_product_points_reward":[],"ams_product_discount_percentage":0,"ams_price_to_display":10500,"ams_acf":[],"jetpack_sharing_enabled":true,"_links":{"self":[{"href":"https:\/\/solucionsolar.cl\/solar\/wp-json\/wp\/v2\/product\/1202","targetHints":{"allow":["GET"]}}],"collection":[{"href":"https:\/\/solucionsolar.cl\/solar\/wp-json\/wp\/v2\/product"}],"about":[{"href":"https:\/\/solucionsolar.cl\/solar\/wp-json\/wp\/v2\/types\/product"}],"replies":[{"embeddable":true,"href":"https:\/\/solucionsolar.cl\/solar\/wp-json\/wp\/v2\/comments?post=1202"}],"wp:featuredmedia":[{"embeddable":true,"href":"https:\/\/solucionsolar.cl\/solar\/wp-json\/wp\/v2\/media\/1201"}],"wp:attachment":[{"href":"https:\/\/solucionsolar.cl\/solar\/wp-json\/wp\/v2\/media?parent=1202"}],"wp:term":[{"taxonomy":"product_brand","embeddable":true,"href":"https:\/\/solucionsolar.cl\/solar\/wp-json\/wp\/v2\/product_brand?post=1202"},{"taxonomy":"product_cat","embeddable":true,"href":"https:\/\/solucionsolar.cl\/solar\/wp-json\/wp\/v2\/product_cat?post=1202"},{"taxonomy":"product_tag","embeddable":true,"href":"https:\/\/solucionsolar.cl\/solar\/wp-json\/wp\/v2\/product_tag?post=1202"}],"curies":[{"name":"wp","href":"https:\/\/api.w.org\/{rel}","templated":true}]}}