{"id":1204,"date":"2023-05-13T22:48:44","date_gmt":"2023-05-13T22:48:44","guid":{"rendered":"https:\/\/solucionsolar.cl\/solar\/producto\/equipo-flat-led-36w-6500k-logic\/"},"modified":"2023-05-13T22:48:44","modified_gmt":"2023-05-13T22:48:44","slug":"equipo-flat-led-36w-6500k-logic","status":"publish","type":"product","link":"https:\/\/solucionsolar.cl\/solar\/producto\/equipo-flat-led-36w-6500k-logic\/","title":{"rendered":"Equipo Flat LED 36W 6500K LOGIC"},"content":{"rendered":"<p>El equipo Flat LED 36W 6500K LOGIC es un sistema de iluminaci\u00f3n LED de alta eficiencia energ\u00e9tica que proporciona una luz blanca y brillante con una temperatura de color de 6500K. La unidad es compacta y plana, lo que la hace ideal para su uso en espacios con limitaciones de altura. Adem\u00e1s, la tecnolog\u00eda LED proporciona una larga vida \u00fatil y un bajo consumo de energ\u00eda, lo que se traduce en ahorros significativos a largo plazo. El equipo es f\u00e1cil de instalar en techos y paredes, y se puede utilizar en una amplia variedad de entornos, incluyendo oficinas, tiendas, hospitales y otros espacios comerciales y residenciales.<\/p>\n","protected":false},"excerpt":{"rendered":"<p>El equipo Flat LED 36W 6500K LOGIC es un sistema de iluminaci\u00f3n LED de alta eficiencia energ\u00e9tica que proporciona una luz blanca y brillante con una temperatura de color de 6500K. La unidad es compacta y plana, lo que la hace ideal para su uso en espacios con limitaciones de altura. Adem\u00e1s, la tecnolog\u00eda LED proporciona una larga vida \u00fatil [&hellip;]<\/p>\n","protected":false},"featured_media":1203,"comment_status":"open","ping_status":"closed","template":"","meta":{"_joinchat":[]},"product_brand":[],"product_cat":[44],"product_tag":[],"class_list":{"0":"post-1204","1":"product","2":"type-product","3":"status-publish","4":"has-post-thumbnail","6":"product_cat-iluminacion","8":"first","9":"instock","10":"shipping-taxable","11":"purchasable","12":"product-type-simple"},"ams_default_variation_id":0,"ams_product_points_reward":[],"ams_product_discount_percentage":0,"ams_price_to_display":7500,"ams_acf":[],"jetpack_sharing_enabled":true,"_links":{"self":[{"href":"https:\/\/solucionsolar.cl\/solar\/wp-json\/wp\/v2\/product\/1204","targetHints":{"allow":["GET"]}}],"collection":[{"href":"https:\/\/solucionsolar.cl\/solar\/wp-json\/wp\/v2\/product"}],"about":[{"href":"https:\/\/solucionsolar.cl\/solar\/wp-json\/wp\/v2\/types\/product"}],"replies":[{"embeddable":true,"href":"https:\/\/solucionsolar.cl\/solar\/wp-json\/wp\/v2\/comments?post=1204"}],"wp:featuredmedia":[{"embeddable":true,"href":"https:\/\/solucionsolar.cl\/solar\/wp-json\/wp\/v2\/media\/1203"}],"wp:attachment":[{"href":"https:\/\/solucionsolar.cl\/solar\/wp-json\/wp\/v2\/media?parent=1204"}],"wp:term":[{"taxonomy":"product_brand","embeddable":true,"href":"https:\/\/solucionsolar.cl\/solar\/wp-json\/wp\/v2\/product_brand?post=1204"},{"taxonomy":"product_cat","embeddable":true,"href":"https:\/\/solucionsolar.cl\/solar\/wp-json\/wp\/v2\/product_cat?post=1204"},{"taxonomy":"product_tag","embeddable":true,"href":"https:\/\/solucionsolar.cl\/solar\/wp-json\/wp\/v2\/product_tag?post=1204"}],"curies":[{"name":"wp","href":"https:\/\/api.w.org\/{rel}","templated":true}]}}