{"id":1206,"date":"2023-05-13T22:48:46","date_gmt":"2023-05-13T22:48:46","guid":{"rendered":"https:\/\/solucionsolar.cl\/solar\/producto\/kit-emergencia-tubo-led-20w-15hr\/"},"modified":"2023-05-13T22:48:46","modified_gmt":"2023-05-13T22:48:46","slug":"kit-emergencia-tubo-led-20w-15hr","status":"publish","type":"product","link":"https:\/\/solucionsolar.cl\/solar\/producto\/kit-emergencia-tubo-led-20w-15hr\/","title":{"rendered":"Kit emergencia Tubo LED 20W 1,5hr"},"content":{"rendered":"<p>El kit de emergencia Tubo LED 20W 1,5hr es un sistema de iluminaci\u00f3n de emergencia dise\u00f1ado para proporcionar luz en caso de un corte de energ\u00eda el\u00e9ctrica. El kit est\u00e1 compuesto por un tubo LED de 20W que proporciona una luz brillante y n\u00edtida, y una bater\u00eda de emergencia que proporciona energ\u00eda durante 1,5 horas despu\u00e9s de un corte de energ\u00eda el\u00e9ctrica. El sistema es f\u00e1cil de instalar en paredes o techos y se puede utilizar en interiores y exteriores. Es ideal para su uso en \u00e1reas de trabajo, edificios p\u00fablicos, aparcamientos y otros espacios donde se requiere una fuente de luz de emergencia fiable.<\/p>\n","protected":false},"excerpt":{"rendered":"<p>El kit de emergencia Tubo LED 20W 1,5hr es un sistema de iluminaci\u00f3n de emergencia dise\u00f1ado para proporcionar luz en caso de un corte de energ\u00eda el\u00e9ctrica. El kit est\u00e1 compuesto por un tubo LED de 20W que proporciona una luz brillante y n\u00edtida, y una bater\u00eda de emergencia que proporciona energ\u00eda durante 1,5 horas despu\u00e9s de un corte de [&hellip;]<\/p>\n","protected":false},"featured_media":1205,"comment_status":"open","ping_status":"closed","template":"","meta":{"_joinchat":[]},"product_brand":[],"product_cat":[44],"product_tag":[],"class_list":{"0":"post-1206","1":"product","2":"type-product","3":"status-publish","4":"has-post-thumbnail","6":"product_cat-iluminacion","8":"first","9":"instock","10":"shipping-taxable","11":"purchasable","12":"product-type-simple"},"ams_default_variation_id":0,"ams_product_points_reward":[],"ams_product_discount_percentage":0,"ams_price_to_display":15990,"ams_acf":[],"jetpack_sharing_enabled":true,"_links":{"self":[{"href":"https:\/\/solucionsolar.cl\/solar\/wp-json\/wp\/v2\/product\/1206","targetHints":{"allow":["GET"]}}],"collection":[{"href":"https:\/\/solucionsolar.cl\/solar\/wp-json\/wp\/v2\/product"}],"about":[{"href":"https:\/\/solucionsolar.cl\/solar\/wp-json\/wp\/v2\/types\/product"}],"replies":[{"embeddable":true,"href":"https:\/\/solucionsolar.cl\/solar\/wp-json\/wp\/v2\/comments?post=1206"}],"wp:featuredmedia":[{"embeddable":true,"href":"https:\/\/solucionsolar.cl\/solar\/wp-json\/wp\/v2\/media\/1205"}],"wp:attachment":[{"href":"https:\/\/solucionsolar.cl\/solar\/wp-json\/wp\/v2\/media?parent=1206"}],"wp:term":[{"taxonomy":"product_brand","embeddable":true,"href":"https:\/\/solucionsolar.cl\/solar\/wp-json\/wp\/v2\/product_brand?post=1206"},{"taxonomy":"product_cat","embeddable":true,"href":"https:\/\/solucionsolar.cl\/solar\/wp-json\/wp\/v2\/product_cat?post=1206"},{"taxonomy":"product_tag","embeddable":true,"href":"https:\/\/solucionsolar.cl\/solar\/wp-json\/wp\/v2\/product_tag?post=1206"}],"curies":[{"name":"wp","href":"https:\/\/api.w.org\/{rel}","templated":true}]}}